{"id":63,"date":"2018-07-06T17:40:45","date_gmt":"2018-07-06T15:40:45","guid":{"rendered":"http:\/\/lauftreff-tvheli.de\/lauftreff\/?page_id=63"},"modified":"2018-07-10T18:21:24","modified_gmt":"2018-07-10T16:21:24","slug":"datenschutzerklaerung-2","status":"publish","type":"page","link":"https:\/\/lauftreff-tvheli.de\/lauftreff\/datenschutzerklaerung-2\/","title":{"rendered":"Datenschutzerkl\u00e4rung"},"content":{"rendered":"<h2>Wer wir sind<\/h2>\n<p>Die Adresse unserer Website ist: http:\/\/lauftreff-tvheli.de\/lauftreff.<\/p>\n<h2>Welche personenbezogenen Daten wir sammeln und warum wir sie sammeln<\/h2>\n<h3>Kommentare<\/h3>\n<p>Wenn Besucher Kommentare auf der Website schreiben, sammeln wir die Daten, die im Kommentar-Formular angezeigt werden, au\u00dferdem die IP-Adresse des Besuchers und den User-Agent-String (damit wird der Browser identifiziert), um die Erkennung von Spam zu unterst\u00fctzen.<\/p>\n<p>Aus deiner E-Mail-Adresse kann eine anonymisierte Zeichenfolge erstellt (auch Hash genannt) und dem Gravatar-Dienst \u00fcbergeben werden, um zu pr\u00fcfen, ob du diesen benutzt. Die Datenschutzerkl\u00e4rung des Gravatar-Dienstes findest du hier: https:\/\/automattic.com\/privacy\/. Nachdem dein Kommentar freigegeben wurde, ist dein Profilbild \u00f6ffentlich im Kontext deines Kommentars sichtbar.<\/p>\n<h3>Medien<\/h3>\n<p>Wenn du ein registrierter Benutzer bist und Fotos auf diese Website l\u00e4dst, solltest du vermeiden, Fotos mit einem EXIF-GPS-Standort hochzuladen. Besucher dieser Website k\u00f6nnten Fotos, die auf dieser Website gespeichert sind, herunterladen und deren Standort-Informationen extrahieren.<\/p>\n<h3>Kontaktformulare<\/h3>\n<h3>Cookies<\/h3>\n<p>Wenn du einen Kommentar auf unserer Website schreibst, kann das eine Einwilligung sein, deinen Namen, E-Mail-Adresse und Website in Cookies zu speichern. Dies ist eine Komfortfunktion, damit du nicht, wenn du einen weiteren Kommentar schreibst, all diese Daten erneut eingeben musst. Diese Cookies werden ein Jahr lang gespeichert.<\/p>\n<p>Falls du ein Konto hast und dich auf dieser Website anmeldest, werden wir ein tempor\u00e4res Cookie setzen, um festzustellen, ob dein Browser Cookies akzeptiert. Dieses Cookie enth\u00e4lt keine personenbezogenen Daten und wird verworfen, wenn du deinen Browser schlie\u00dft.<\/p>\n<p>Wenn du dich anmeldest, werden wir einige Cookies einrichten, um deine Anmeldeinformationen und Anzeigeoptionen zu speichern. Anmelde-Cookies verfallen nach zwei Tagen und Cookies f\u00fcr die Anzeigeoptionen nach einem Jahr. Falls du bei der Anmeldung \u201eAngemeldet bleiben\u201c ausw\u00e4hlst, wird deine Anmeldung zwei Wochen lang aufrechterhalten. Mit der Abmeldung aus deinem Konto werden die Anmelde-Cookies gel\u00f6scht.<\/p>\n<p>Wenn du einen Artikel bearbeitest oder ver\u00f6ffentlichst, wird ein zus\u00e4tzlicher Cookie in deinem Browser gespeichert. Dieser Cookie enth\u00e4lt keine personenbezogenen Daten und verweist nur auf die Beitrags-ID des Artikels, den du gerade bearbeitet hast. Der Cookie verf\u00e4llt nach einem Tag.<\/p>\n<h3>Eingebettete Inhalte von anderen Websites<\/h3>\n<p>Beitr\u00e4ge auf dieser Website k\u00f6nnen eingebettete Inhalte beinhalten (z.\u00a0B. Videos, Bilder, Beitr\u00e4ge etc.). Eingebettete Inhalte von anderen Websites verhalten sich exakt so, als ob der Besucher die andere Website besucht h\u00e4tte.<\/p>\n<p>These websites may collect data about you, use cookies, embed additional third-party tracking, and monitor your interaction with that embedded content, including tracking your interaction with the embedded content if you have an account and are logged in to that website.<\/p>\n<h3>Analysedienste<\/h3>\n<h2>Mit wem wir deine Daten teilen<\/h2>\n<h2>Wie lange wir deine Daten speichern<\/h2>\n<p>Wenn du einen Kommentar schreibst, wird dieser inklusive Metadaten zeitlich unbegrenzt gespeichert. Auf diese Art k\u00f6nnen wir Folgekommentare automatisch erkennen und freigeben, anstelle sie in einer Moderations-Warteschlange festzuhalten.<\/p>\n<p>F\u00fcr Benutzer, die sich auf unserer Website registrieren, speichern wir zus\u00e4tzlich die pers\u00f6nlichen Informationen, die sie in ihren Benutzerprofilen angeben. Alle Benutzer k\u00f6nnen jederzeit ihre pers\u00f6nlichen Informationen einsehen, ver\u00e4ndern oder l\u00f6schen (der Benutzername kann nicht ver\u00e4ndert werden). Administratoren der Website k\u00f6nnen diese Informationen ebenfalls einsehen und ver\u00e4ndern.<\/p>\n<h2>Welche Rechte du an deinen Daten hast<\/h2>\n<p>Wenn du ein Konto auf dieser Website besitzt oder Kommentare geschrieben hast, kannst du einen Export deiner personenbezogenen Daten bei uns anfordern, inklusive aller Daten, die du uns mitgeteilt hast. Dar\u00fcber hinaus kannst du die L\u00f6schung aller personenbezogenen Daten, die wir von dir gespeichert haben, anfordern. Dies umfasst nicht die Daten, die wir aufgrund administrativer, rechtlicher oder sicherheitsrelevanter Notwendigkeiten aufbewahren m\u00fcssen.<\/p>\n<h2>Wohin wir deine Daten senden<\/h2>\n<p>Besucher-Kommentare k\u00f6nnten von einem automatisierten Dienst zur Spam-Erkennung untersucht werden.<\/p>\n<h2>Deine Kontakt-Informationen<\/h2>\n<p>Datenverarbeitungsanlagen (EDV) zur Erf\u00fcllung ihrer satzungsgem\u00e4\u00dfen Zwecke.<\/p>\n<p>&nbsp;<\/p>\n<ol>\n<li><strong> Dabei geht es insbesondere um Mitgliederverwaltung einschlie\u00dflich der Finanzbeziehungen <\/strong><\/li>\n<\/ol>\n<p>(z. B. Lastschrifteinzug der Abteilungsbeitr\u00e4ge), Organisation des Sportbetriebes (z. B. Wettbewerbe, Tourniere, Sportfeste), sonstige satzungsgem\u00e4\u00dfe Veranstaltungen (z. B. Mitgliederversammlungen, gesellige Veranstaltungen, Ehrungen), Beziehungen des Vereins zu \u00fcbergeordneten Verb\u00e4nden, Versicherungsverh\u00e4ltnisse, externe und interne \u00d6ffentlichkeitsarbeit, Gestaltung der Homepages der Abteilung. Die Homepage enth\u00e4lt links zu anderen Homepages und Verkn\u00fcpfungsangebote zu sozialen Netzwerken, auf deren Umgang mit personenbezogenen Daten die Abteilung keinen Einfluss hat.<\/p>\n<p>Verantwortliche Stelle f\u00fcr den Umgang mit personenbezogenen Daten ist die Abteilung.<\/p>\n<p>Der Umgang mit personenbezogenen Daten bedarf keiner Einwilligung des Mitglieds, soweit der Umgang mit den Daten f\u00fcr die Begr\u00fcndung, Durchf\u00fchrung oder Beendigung des Mitgliedsverh\u00e4ltnisses erforderlich ist (\u00a7 28 Abs. 1 Ziff. 1 BDSG);<\/p>\n<p>der Umgang mit den Daten zur Wahrung berechtigter Interessen der Abteilung erforderlich ist. Hier kann das Mitglied allerdings widersprechen, sofern seine schutzw\u00fcrdigen entgegenstehenden Interessen \u00fcberwiegen (\u00a7 28 Abs. 1 Ziff. 2 BDSG);<\/p>\n<p>die Daten allgemein zug\u00e4nglich sind. Hier kann das Mitglied ebenfalls widersprechen, aber nur, wenn seine schutzw\u00fcrdigen entgegenstehenden Interessen offensichtlich \u00fcberwiegen (\u00a7 28 Abs. 1 Ziff. 3 BDSG).<\/p>\n<p>Bitte bedenken Sie, dass Sie uns gegebenenfalls einen Widerspruch und dessen Gr\u00fcnde mitteilen m\u00fcssten. Dies ist formlos an die Abteilungsleitung oder die\/den Verantwortliche(n) f\u00fcr eine Veranstaltung m\u00f6glich.<\/p>\n<p>Jedes Mitglied hat im Rahmen der Vorschriften des Bundesdatenschutzgesetzes (insbesondere der \u00a7\u00a7 34, 35) das Recht auf Auskunft \u00fcber die zu seiner Person gespeicherten Daten, deren Empf\u00e4nger und den Zweck der Speicherung sowie auf Berichtigung, L\u00f6schung oder Sperrung seiner Daten.<\/p>\n<ol start=\"2\">\n<li><strong> Datenschutz und Homepage<\/strong><\/li>\n<\/ol>\n<p>Bei jedem Zugriff auf diese Webseite werden Daten \u00fcber diesen Vorgang<\/p>\n<p>gespeichert. Hierbei handelt es sich um folgende Informationen: IP-Adresse Ihres Rechners bzw. Internet-Service-Providers, von dem aus der Zugriff erfolgt, Datum und Uhrzeit des Zugriffs, verwendeter Browser, besuchte Webseite(n) und etwaige Dateidownloads. Diese Daten werden lediglich f\u00fcr statistische Zwecke und zur Verbesserung dieses Internetangebots im Hinblick auf Inhalt und Sicherheit gespeichert und genutzt und nicht auf Sie zur\u00fcckf\u00fchrbar ausgewertet.<\/p>\n<p>&nbsp;<\/p>\n<ol start=\"3\">\n<li><strong> Datenschutz bei Kontakten \u00fcber das Internet<\/strong><\/li>\n<\/ol>\n<p>Sofern Sie \u00fcber das Internet, beispielsweise via E-Mail oder Kontaktformular mit uns in Verbindung treten, speichern wir Ihre hierbei \u00fcbermittelten personenbezogenen Daten (zum Beispiel Name, Anschrift, E-Mail Adresse sowie Ihre Ausf\u00fchrungen) elektronisch. Diese Daten werden nur f\u00fcr die von Ihnen beabsichtigten Zwecke (zum Beispiel zur Beantwortung Ihrer Anfrage) verarbeitet oder genutzt und von uns gel\u00f6scht, sobald der Zweck erledigt ist.<\/p>\n<p>&nbsp;<\/p>\n<ol start=\"4\">\n<li><strong> Recht am eigenen Bild<\/strong><br \/>\nHinsichtlich des Rechtes am eigenen Bild weisen wir erg\u00e4nzend auf folgendes hin: F\u00fcr die \u00d6ffentlichkeitsarbeit und insbesondere f\u00fcr die Homepages werden auch Fotos, Videos und Filme genutzt. Dazu siehe den gesonderten Vordruck: \u201eBilder aus dem Vereinsleben -Widerspruchsm\u00f6glichkeit-\u201c.<\/li>\n<\/ol>\n<p>Hier findet Ihr die Widerspruchsm\u00f6glichkeit als PDF-Dokument:<\/p>\n<table>\n<tbody>\n<tr>\n<td><\/td>\n<td><a href=\"http:\/\/www.tv-1894.de\/downloads\/widerspruchfotos.pdf\">http:\/\/www.tv-1894.de\/downloads\/widerspruchfotos.pdf<\/a><\/td>\n<\/tr>\n<\/tbody>\n<\/table>\n<ol start=\"5\">\n<li><strong> Verarbeitung von Daten im Auftrag<\/strong><br \/>\nDie Abteilung Lauftreff im TV 1894 Hessisch Lichtenau nimmt f\u00fcr die Verarbeitung von Daten im Auftrag des Auftraggebers Leistungen von Dritten in Anspruch, die in seinem Auftrag Daten verarbeiten.<\/li>\n<\/ol>\n<p>Dabei handelt es sich um nachfolgendes Unternehmen:<\/p>\n<p>race result AG<\/p>\n<p>Joseph-von-Fraunhofer-Stra\u00dfe 11<\/p>\n<p>D-76327 Pfinztal<\/p>\n<p>Datenschutzerkl\u00e4rung race result AG als PDF-Dokument:<\/p>\n<p><a href=\"http:\/\/lauftreff-tvheli.de\/lauftreff\/wp-content\/uploads\/2018\/07\/01_auftragsdatenverarbeitung-raceresult.pdf\">01_auftragsdatenverarbeitung-raceresult<\/a><\/p>\n<h3><\/h3>\n","protected":false},"excerpt":{"rendered":"<p>Wer wir sind Die Adresse unserer Website ist: http:\/\/lauftreff-tvheli.de\/lauftreff. Welche personenbezogenen Daten wir sammeln und warum wir sie sammeln Kommentare Wenn Besucher Kommentare auf der Website schreiben, sammeln wir die Daten, die im Kommentar-Formular angezeigt werden, au\u00dferdem die IP-Adresse des Besuchers und den User-Agent-String (damit wird der Browser identifiziert), um die Erkennung von Spam zu &#8230;<\/p>\n","protected":false},"author":1,"featured_media":0,"parent":0,"menu_order":1,"comment_status":"closed","ping_status":"closed","template":"","meta":{"footnotes":""},"class_list":["post-63","page","type-page","status-publish","hentry"],"_links":{"self":[{"href":"https:\/\/lauftreff-tvheli.de\/lauftreff\/wp-json\/wp\/v2\/pages\/63","targetHints":{"allow":["GET"]}}],"collection":[{"href":"https:\/\/lauftreff-tvheli.de\/lauftreff\/wp-json\/wp\/v2\/pages"}],"about":[{"href":"https:\/\/lauftreff-tvheli.de\/lauftreff\/wp-json\/wp\/v2\/types\/page"}],"author":[{"embeddable":true,"href":"https:\/\/lauftreff-tvheli.de\/lauftreff\/wp-json\/wp\/v2\/users\/1"}],"replies":[{"embeddable":true,"href":"https:\/\/lauftreff-tvheli.de\/lauftreff\/wp-json\/wp\/v2\/comments?post=63"}],"version-history":[{"count":1,"href":"https:\/\/lauftreff-tvheli.de\/lauftreff\/wp-json\/wp\/v2\/pages\/63\/revisions"}],"predecessor-version":[{"id":65,"href":"https:\/\/lauftreff-tvheli.de\/lauftreff\/wp-json\/wp\/v2\/pages\/63\/revisions\/65"}],"wp:attachment":[{"href":"https:\/\/lauftreff-tvheli.de\/lauftreff\/wp-json\/wp\/v2\/media?parent=63"}],"curies":[{"name":"wp","href":"https:\/\/api.w.org\/{rel}","templated":true}]}}