{"id":484,"date":"2016-11-06T14:19:36","date_gmt":"2016-11-06T13:19:36","guid":{"rendered":"http:\/\/lauftreff-tvheli.de\/lauftreff\/?page_id=484"},"modified":"2020-02-27T19:43:10","modified_gmt":"2020-02-27T18:43:10","slug":"crosslauf-in-heli-am-6-11-2016","status":"publish","type":"page","link":"https:\/\/lauftreff-tvheli.de\/lauftreff\/laufveranstaltungen-vom-lauftreff\/crosslauf\/crosslauf-in-heli-am-6-11-2016\/","title":{"rendered":"Crosslauf in Heli am 06.11.2016"},"content":{"rendered":"<p><span style=\"font-family: 'Verdana','sans-serif';\"><span style=\"color: #000000;\">In Hessisch Lichtenau fand der erste Wertungslauf zum Crosscup Nordhessen statt, er ist der Auftakt einer Serie von vier Crossl\u00e4ufen. Im gleichen Rahmen wurden auch die Kreismeisterschaften im Crosslauf f\u00fcr den Werra-Mei\u00dfner-Kreis ausgetragen. Mit 21 Aktiven war der Lauftreff wieder stark vertreten.<\/span><\/span><\/p>\n<p><span style=\"font-family: 'Verdana','sans-serif';\"><span style=\"color: #000000;\">\u00dcber 1.000 Meter wurden von den Kindern f\u00fcnf Kreismeistertitel in den unterschiedlichen Klassen erlaufen. Schnellster TV Starter war Devlin Forciniti, er ben\u00f6tigte 4:50 Minuten f\u00fcr den Rundkurs. Naima Muth ben\u00f6tigte als schnellste TV Athletin 5:06 Minuten.<\/span><\/span><\/p>\n<p><span style=\"font-family: 'Verdana','sans-serif';\"><span style=\"color: #000000;\">Louis Hartwig unterstrich seine gute Form und umrundete den Kurs \u00fcber 2.500 Meter in 9:45 Minuten. Bei den jungen Damen war Vanessa Wyryma mit 11:20 Minuten f\u00fcr die Konkurrenz uneinholbar. \u00dcber diese Distanz holten sechs Jugendliche vom Lauftreff Meistertitel.<\/span><\/span><\/p>\n<p><span style=\"font-family: 'Verdana','sans-serif';\"><span style=\"color: #000000;\">Die beiden Starter auf der 4.000 Meter Distanz konnten sich ebenfalls mit Meistertiteln schm\u00fccken. Hier war Friedrich Seelig mit 19:06 Minuten der schnellste TV L\u00e4ufer. Als einzige TV Starterin im Seniorenfeld ben\u00f6tigte Ilona Hildmann 23:12 Minuten f\u00fcr die vier Runden.<\/span><\/span><\/p>\n<p><span style=\"font-family: 'Verdana','sans-serif';\"><span style=\"color: #000000;\">Der n\u00e4chste Crosslauf wird am 4. Dezember von der LG Diemelsee-Wirminghausen ausgetragen.<\/span><\/span><\/p>\n<table width=\"566\">\n<tbody>\n<tr>\n<td colspan=\"3\" width=\"380\"><strong>Offene Kreismeisterschaft<\/strong><\/td>\n<td width=\"83\"><\/td>\n<td width=\"39\"><\/td>\n<td width=\"64\"><\/td>\n<\/tr>\n<tr>\n<td><\/td>\n<td><\/td>\n<td><\/td>\n<td><\/td>\n<td><\/td>\n<td><\/td>\n<\/tr>\n<tr>\n<td><strong>1.000 m<\/strong><\/td>\n<td>3.<\/td>\n<td>Gippert, Emilia<\/td>\n<td width=\"83\">5:55<\/td>\n<td><\/td>\n<td>W 9<\/td>\n<\/tr>\n<tr>\n<td><\/td>\n<td>1.<\/td>\n<td>S\u00f6rgel, Benni<\/td>\n<td width=\"83\">4:58<\/td>\n<td><\/td>\n<td>M 9<\/td>\n<\/tr>\n<tr>\n<td><\/td>\n<td>4.<\/td>\n<td>Maron, Laurenz<\/td>\n<td width=\"83\">5:29<\/td>\n<td><\/td>\n<td>M 9<\/td>\n<\/tr>\n<tr>\n<td><\/td>\n<td>2.<\/td>\n<td>Schenk, Franziska<\/td>\n<td width=\"83\">6:48<\/td>\n<td><\/td>\n<td>W 8<\/td>\n<\/tr>\n<tr>\n<td><\/td>\n<td>1.<\/td>\n<td>Klockmann, Moritz<\/td>\n<td width=\"83\">5:10<\/td>\n<td><\/td>\n<td>M 8<\/td>\n<\/tr>\n<tr>\n<td><\/td>\n<td>2.<\/td>\n<td>Gippert, Finn<\/td>\n<td width=\"83\">5:11<\/td>\n<td><\/td>\n<td>M 8<\/td>\n<\/tr>\n<tr>\n<td><\/td>\n<td>4.<\/td>\n<td>Schwarz, Marco<\/td>\n<td width=\"83\">6:06<\/td>\n<td><\/td>\n<td>M 8<\/td>\n<\/tr>\n<tr>\n<td><\/td>\n<td>3.<\/td>\n<td>Muth, Naima<\/td>\n<td width=\"83\">5:06<\/td>\n<td><\/td>\n<td>W 10<\/td>\n<\/tr>\n<tr>\n<td><\/td>\n<td>3.<\/td>\n<td>Forciniti, Devlin<\/td>\n<td width=\"83\">4:50<\/td>\n<td><\/td>\n<td>M 10<\/td>\n<\/tr>\n<tr>\n<td><\/td>\n<td>5.<\/td>\n<td>Brumm, Tamino<\/td>\n<td width=\"83\">5:08<\/td>\n<td><\/td>\n<td>M 10<\/td>\n<\/tr>\n<tr>\n<td><\/td>\n<td>9.<\/td>\n<td>Lichtenau, Mathi<\/td>\n<td width=\"83\">5:45<\/td>\n<td><\/td>\n<td>M 10<\/td>\n<\/tr>\n<tr>\n<td><\/td>\n<td><\/td>\n<td><\/td>\n<td width=\"83\"><\/td>\n<td><\/td>\n<td><\/td>\n<\/tr>\n<tr>\n<td><strong>2.500 m<\/strong><\/td>\n<td>1.<\/td>\n<td>Knoblauch, Mira<\/td>\n<td width=\"83\">11:51<\/td>\n<td><\/td>\n<td>W 15<\/td>\n<\/tr>\n<tr>\n<td><\/td>\n<td>1.<\/td>\n<td>Wyryma, Vanessa<\/td>\n<td width=\"83\">11:20<\/td>\n<td><\/td>\n<td>W 13<\/td>\n<\/tr>\n<tr>\n<td><\/td>\n<td>7.<\/td>\n<td>Klockmann, Milena<\/td>\n<td width=\"83\">14:27<\/td>\n<td><\/td>\n<td>W 12<\/td>\n<\/tr>\n<tr>\n<td><\/td>\n<td>1.<\/td>\n<td>Hartwig, Louis<\/td>\n<td width=\"83\">9:54<\/td>\n<td><\/td>\n<td>M 15<\/td>\n<\/tr>\n<tr>\n<td><\/td>\n<td>3.<\/td>\n<td>Riebetz, Max<\/td>\n<td width=\"83\">11:55<\/td>\n<td><\/td>\n<td>M 14<\/td>\n<\/tr>\n<tr>\n<td><\/td>\n<td>2.<\/td>\n<td>Ludwig, Niklas<\/td>\n<td width=\"83\">11:01<\/td>\n<td><\/td>\n<td>M 13<\/td>\n<\/tr>\n<tr>\n<td><\/td>\n<td>1.<\/td>\n<td>Muth, Elijah<\/td>\n<td width=\"83\">10:33<\/td>\n<td><\/td>\n<td>M 12<\/td>\n<\/tr>\n<tr>\n<td><\/td>\n<td>12.<\/td>\n<td>R\u00fchling, Jacob<\/td>\n<td width=\"83\">14:11<\/td>\n<td><\/td>\n<td>M 12<\/td>\n<\/tr>\n<tr>\n<td><\/td>\n<td><\/td>\n<td><\/td>\n<td width=\"83\"><\/td>\n<td><\/td>\n<td><\/td>\n<\/tr>\n<tr>\n<td><strong>4.000 m<\/strong><\/td>\n<td>3.<\/td>\n<td>Hildmann, Ilona<\/td>\n<td width=\"83\">23:12<\/td>\n<td><\/td>\n<td>W 50<\/td>\n<\/tr>\n<tr>\n<td><\/td>\n<td>2.<\/td>\n<td>Seelig, Friedrich<\/td>\n<td width=\"83\">19:06<\/td>\n<td><\/td>\n<td>MU 18<\/td>\n<\/tr>\n<tr>\n<td><\/td>\n<td><\/td>\n<td><\/td>\n<td width=\"83\"><\/td>\n<td><\/td>\n<td><\/td>\n<\/tr>\n<tr>\n<td colspan=\"3\"><strong>Kreismeisterschaft<\/strong><\/td>\n<td width=\"83\"><\/td>\n<td><\/td>\n<td><\/td>\n<\/tr>\n<tr>\n<td><\/td>\n<td><\/td>\n<td><\/td>\n<td width=\"83\"><\/td>\n<td><\/td>\n<td><\/td>\n<\/tr>\n<tr>\n<td><strong>1.000 m<\/strong><\/td>\n<td>1.<\/td>\n<td>Gippert, Emilia<\/td>\n<td width=\"83\">5:55<\/td>\n<td><\/td>\n<td>W 9<\/td>\n<\/tr>\n<tr>\n<td><\/td>\n<td>1.<\/td>\n<td>S\u00f6rgel, Benni<\/td>\n<td width=\"83\">4:58<\/td>\n<td><\/td>\n<td>M 9<\/td>\n<\/tr>\n<tr>\n<td><\/td>\n<td>3.<\/td>\n<td>Maron, Laurenz<\/td>\n<td width=\"83\">5:29<\/td>\n<td><\/td>\n<td>M 9<\/td>\n<\/tr>\n<tr>\n<td><\/td>\n<td>1.<\/td>\n<td>Schenk, Franziska<\/td>\n<td width=\"83\">6:48<\/td>\n<td><\/td>\n<td>W 8<\/td>\n<\/tr>\n<tr>\n<td><\/td>\n<td>1.<\/td>\n<td>Klockmann, Moritz<\/td>\n<td width=\"83\">5:10<\/td>\n<td><\/td>\n<td>M 8<\/td>\n<\/tr>\n<tr>\n<td><\/td>\n<td>2.<\/td>\n<td>Gippert, Finn<\/td>\n<td width=\"83\">5:11<\/td>\n<td><\/td>\n<td>M 8<\/td>\n<\/tr>\n<tr>\n<td><\/td>\n<td>3.<\/td>\n<td>Schwarz, Marco<\/td>\n<td width=\"83\">6:06<\/td>\n<td><\/td>\n<td>M 8<\/td>\n<\/tr>\n<tr>\n<td><\/td>\n<td>3.<\/td>\n<td>Muth, Naima<\/td>\n<td width=\"83\">5:06<\/td>\n<td><\/td>\n<td>W 10<\/td>\n<\/tr>\n<tr>\n<td><\/td>\n<td>1.<\/td>\n<td>Forciniti, Devlin<\/td>\n<td width=\"83\">4:50<\/td>\n<td><\/td>\n<td>M 10<\/td>\n<\/tr>\n<tr>\n<td><\/td>\n<td>2.<\/td>\n<td>Brumm, Tamino<\/td>\n<td width=\"83\">5:08<\/td>\n<td><\/td>\n<td>M 10<\/td>\n<\/tr>\n<tr>\n<td><\/td>\n<td>6.<\/td>\n<td>Lichtenau, Mathi<\/td>\n<td width=\"83\">5:45<\/td>\n<td><\/td>\n<td>M 10<\/td>\n<\/tr>\n<tr>\n<td><\/td>\n<td><\/td>\n<td><\/td>\n<td width=\"83\"><\/td>\n<td><\/td>\n<td><\/td>\n<\/tr>\n<tr>\n<td><strong>2.500 m<\/strong><\/td>\n<td>1.<\/td>\n<td>Knoblauch, Mira<\/td>\n<td width=\"83\">11:51<\/td>\n<td><\/td>\n<td>W 15<\/td>\n<\/tr>\n<tr>\n<td><\/td>\n<td>1.<\/td>\n<td>Wyryma, Vanessa<\/td>\n<td width=\"83\">11:20<\/td>\n<td><\/td>\n<td>W 13<\/td>\n<\/tr>\n<tr>\n<td><\/td>\n<td>3.<\/td>\n<td>Klockmann, Milena<\/td>\n<td width=\"83\">14:27<\/td>\n<td><\/td>\n<td>W 12<\/td>\n<\/tr>\n<tr>\n<td><\/td>\n<td>1.<\/td>\n<td>Hartwig, Louis<\/td>\n<td width=\"83\">9:54<\/td>\n<td><\/td>\n<td>M 15<\/td>\n<\/tr>\n<tr>\n<td><\/td>\n<td>1.<\/td>\n<td>Riebetz, Max<\/td>\n<td width=\"83\">11:55<\/td>\n<td><\/td>\n<td>M 14<\/td>\n<\/tr>\n<tr>\n<td><\/td>\n<td>1.<\/td>\n<td>Ludwig, Niklas<\/td>\n<td width=\"83\">11:01<\/td>\n<td><\/td>\n<td>M 13<\/td>\n<\/tr>\n<tr>\n<td><\/td>\n<td>1.<\/td>\n<td>Muth, Elijah<\/td>\n<td width=\"83\">10:33<\/td>\n<td><\/td>\n<td>M 12<\/td>\n<\/tr>\n<tr>\n<td><\/td>\n<td>8.<\/td>\n<td>R\u00fchling, Jacob<\/td>\n<td width=\"83\">14:11<\/td>\n<td><\/td>\n<td>M 12<\/td>\n<\/tr>\n<tr>\n<td><\/td>\n<td><\/td>\n<td><\/td>\n<td width=\"83\"><\/td>\n<td><\/td>\n<td><\/td>\n<\/tr>\n<tr>\n<td><strong>4.000 m<\/strong><\/td>\n<td>1.<\/td>\n<td>Hildmann, Ilona<\/td>\n<td width=\"83\">23:12<\/td>\n<td><\/td>\n<td>W 50<\/td>\n<\/tr>\n<tr>\n<td><\/td>\n<td>1.<\/td>\n<td>Seelig, Friedrich<\/td>\n<td width=\"83\">19:06<\/td>\n<td><\/td>\n<td>MU 18<\/td>\n<\/tr>\n<\/tbody>\n<\/table>\n","protected":false},"excerpt":{"rendered":"<p>In Hessisch Lichtenau fand der erste Wertungslauf zum Crosscup Nordhessen statt, er ist der Auftakt einer Serie von vier Crossl\u00e4ufen. Im gleichen Rahmen wurden auch die Kreismeisterschaften im Crosslauf f\u00fcr den Werra-Mei\u00dfner-Kreis ausgetragen. Mit 21 Aktiven war der Lauftreff wieder stark vertreten. \u00dcber 1.000 Meter wurden von den Kindern f\u00fcnf Kreismeistertitel in den unterschiedlichen Klassen &#8230;<\/p>\n","protected":false},"author":1,"featured_media":0,"parent":450,"menu_order":3,"comment_status":"closed","ping_status":"closed","template":"","meta":{"footnotes":""},"class_list":["post-484","page","type-page","status-publish","hentry"],"_links":{"self":[{"href":"https:\/\/lauftreff-tvheli.de\/lauftreff\/wp-json\/wp\/v2\/pages\/484","targetHints":{"allow":["GET"]}}],"collection":[{"href":"https:\/\/lauftreff-tvheli.de\/lauftreff\/wp-json\/wp\/v2\/pages"}],"about":[{"href":"https:\/\/lauftreff-tvheli.de\/lauftreff\/wp-json\/wp\/v2\/types\/page"}],"author":[{"embeddable":true,"href":"https:\/\/lauftreff-tvheli.de\/lauftreff\/wp-json\/wp\/v2\/users\/1"}],"replies":[{"embeddable":true,"href":"https:\/\/lauftreff-tvheli.de\/lauftreff\/wp-json\/wp\/v2\/comments?post=484"}],"version-history":[{"count":2,"href":"https:\/\/lauftreff-tvheli.de\/lauftreff\/wp-json\/wp\/v2\/pages\/484\/revisions"}],"predecessor-version":[{"id":496,"href":"https:\/\/lauftreff-tvheli.de\/lauftreff\/wp-json\/wp\/v2\/pages\/484\/revisions\/496"}],"up":[{"embeddable":true,"href":"https:\/\/lauftreff-tvheli.de\/lauftreff\/wp-json\/wp\/v2\/pages\/450"}],"wp:attachment":[{"href":"https:\/\/lauftreff-tvheli.de\/lauftreff\/wp-json\/wp\/v2\/media?parent=484"}],"curies":[{"name":"wp","href":"https:\/\/api.w.org\/{rel}","templated":true}]}}