{"id":476,"date":"2017-11-11T14:15:04","date_gmt":"2017-11-11T13:15:04","guid":{"rendered":"http:\/\/lauftreff-tvheli.de\/lauftreff\/?page_id=476"},"modified":"2020-02-27T19:43:18","modified_gmt":"2020-02-27T18:43:18","slug":"crosslauf-in-heli-am-11-11-2017","status":"publish","type":"page","link":"https:\/\/lauftreff-tvheli.de\/lauftreff\/laufveranstaltungen-vom-lauftreff\/crosslauf\/crosslauf-in-heli-am-11-11-2017\/","title":{"rendered":"Crosslauf in Heli am 11.11.2017"},"content":{"rendered":"<p>Am Samstag ab 12 Uhr starteten die ersten L\u00e4ufe zum Crosslauf in Hessisch Lichtenau. Es ist der erste von vier Wertungsl\u00e4ufen zum Crosscup Nordhessen. Bei denkbar ung\u00fcnstigen Wetterbedingungen mit K\u00e4lte, Wind und Regen kamen 111 aktive L\u00e4ufer aus Nordhessen an die Starts \u00fcber die unterschiedlichen Strecken. Gelaufen wurde auf einer 1-Kilometerrunde am Schulberg.<\/p>\n<p><img loading=\"lazy\" decoding=\"async\" class=\"aligncenter size-full wp-image-480\" src=\"http:\/\/lauftreff-tvheli.de\/lauftreff\/wp-content\/uploads\/2018\/08\/2017.11.11-Cross-Heli-186-HP.jpg\" alt=\"\" width=\"1634\" height=\"1133\" srcset=\"https:\/\/lauftreff-tvheli.de\/lauftreff\/wp-content\/uploads\/2018\/08\/2017.11.11-Cross-Heli-186-HP.jpg 1634w, https:\/\/lauftreff-tvheli.de\/lauftreff\/wp-content\/uploads\/2018\/08\/2017.11.11-Cross-Heli-186-HP-300x208.jpg 300w, https:\/\/lauftreff-tvheli.de\/lauftreff\/wp-content\/uploads\/2018\/08\/2017.11.11-Cross-Heli-186-HP-768x533.jpg 768w, https:\/\/lauftreff-tvheli.de\/lauftreff\/wp-content\/uploads\/2018\/08\/2017.11.11-Cross-Heli-186-HP-1024x710.jpg 1024w\" sizes=\"auto, (max-width: 1634px) 100vw, 1634px\" \/><\/p>\n<p>Los ging es mit den L\u00e4ufen \u00fcber 1 Kilometer der Kinder U 10. Schnellste L\u00e4uferin war Livia Reinecke vom TSV Niederelsungen, sie ben\u00f6tigte 5:15 Minuten. Ihr folgte Nelly Karon vom TV Hessisch Lichtenau und Sarah Griese von der LG Kaufungen. Mit 4:36 Minuten war Bosse Niemetz vom WVC Kassel der schnellste Junge. Auf Platz zwei lief Luca Kaiser vom TSV Niederelsungen ein, Platz drei belegte Nico Wiegand vom TV Hessisch Lichtenau.<\/p>\n<p>Naima Muth vom TV gewann die Klasse WU 12 in 4:34 Minuten, ihr folgten Jil Kaiser vom TSV Niederelsungen und Cecile L\u00f6ber vom TSV Retterode. In 4:24 Minuten gewann die MU 12 Tom Wagner vom TSV Niederelsungen. Nach ihm erreichten Lio Pistel vom SSC Bad Sooden-Allendorf und Julien Deuermeier von Niederelsungen das Ziel.<\/p>\n<p>Zwei Runden und somit 2 Kilometer mussten die \u00e4lteren Jugendlichen absolvieren. Elijah Muth holte sich den Sieg in 8:35 Minuten, gefolgt von Niklas Ludwig, beide vom TV Heli. Als dritter erreichte Jonas R\u00f6hl von Niederelsungen das Ziel. Bei den jungen Damen holte sich Maya Gries aus Bad Sooden-Allendorf den Sieg in 8:59 Minuten. Vanessa Wyryma vom TV erreichte nach einem packenden Rennen, mit der sp\u00e4ter Erstplatzierten, den zweiten Platz, ihr folgte Friederike H\u00fcppe vom TSV Niederelsungen.<\/p>\n<p>Das Rennen \u00fcber vier Kilometer dominierte der TSV Niederelsungen, Noah Heinemann belegte in 15:34 Minuten Platz 1, ihm folgte sein Vereinskamerad Rene Persch. Den dritten Platz belegte Michael Wagner vom PSV Gr\u00fcn-Wei\u00df Kassel.<\/p>\n<p>Der erste Platz der Damen ging in 22:47 Minuten an Luise Zieba von der MT Melsungen. Ihr folgte nach 4,9 Kilometer Tanja Nehme vom Ski-Club Mei\u00dfner und Sabine Rothaug vom OSC Kassel. Bei den M\u00e4nnern \u00fcber 50 gewann im gleichen Rennen Michael Fiess in 21:33 Minuten gefolgt von Herbert Wilke, beide von der LAG Wesertal. Ihnen folgte Lutz Debus vom TuSpo Borken auf Platz drei.<\/p>\n<p>Die l\u00e4ngste Strecke \u00fcber 7,5 Kilometer mussten die M\u00e4nner absolvieren. Sie hatten zus\u00e4tzlich den Nachteil, dass das Wetter immer schlechter wurde und die Strecke mittlerweile immer schlechter zu laufen war. In einer super Zeit von 29:28 Minuten gewann Arnfried vom Hofe f\u00fcr den VfL 1860 Marburg. Auch noch unter 30 Minuten blieb Felix Kaiser vom PSV, gefolgt von Hannes Dieterich, ebenfalls vom PSV.<\/p>\n<p><img loading=\"lazy\" decoding=\"async\" class=\"aligncenter size-full wp-image-479\" src=\"http:\/\/lauftreff-tvheli.de\/lauftreff\/wp-content\/uploads\/2018\/08\/2017.11.11-Cross-Heli-155-HP.jpg\" alt=\"\" width=\"1655\" height=\"1071\" srcset=\"https:\/\/lauftreff-tvheli.de\/lauftreff\/wp-content\/uploads\/2018\/08\/2017.11.11-Cross-Heli-155-HP.jpg 1655w, https:\/\/lauftreff-tvheli.de\/lauftreff\/wp-content\/uploads\/2018\/08\/2017.11.11-Cross-Heli-155-HP-300x194.jpg 300w, https:\/\/lauftreff-tvheli.de\/lauftreff\/wp-content\/uploads\/2018\/08\/2017.11.11-Cross-Heli-155-HP-768x497.jpg 768w, https:\/\/lauftreff-tvheli.de\/lauftreff\/wp-content\/uploads\/2018\/08\/2017.11.11-Cross-Heli-155-HP-1024x663.jpg 1024w\" sizes=\"auto, (max-width: 1655px) 100vw, 1655px\" \/><\/p>\n<table width=\"587\">\n<tbody>\n<tr>\n<td colspan=\"2\" width=\"124\"><strong>Ergebnisse:<\/strong><\/td>\n<td width=\"47\"><\/td>\n<td width=\"231\"><\/td>\n<td width=\"83\"><\/td>\n<td width=\"39\"><\/td>\n<td width=\"64\"><\/td>\n<\/tr>\n<tr>\n<td width=\"4\"><\/td>\n<td width=\"120\"><\/td>\n<td width=\"47\"><\/td>\n<td width=\"231\"><\/td>\n<td width=\"83\"><\/td>\n<td width=\"39\"><\/td>\n<td width=\"64\"><\/td>\n<\/tr>\n<tr>\n<td width=\"4\"><\/td>\n<td width=\"120\"><strong>1.000 m<\/strong><\/td>\n<td width=\"47\">1.<\/td>\n<td width=\"231\">Amandine Euler<\/td>\n<td width=\"83\">6:33<\/td>\n<td width=\"39\"><\/td>\n<td width=\"64\">WU 8<\/td>\n<\/tr>\n<tr>\n<td width=\"4\"><\/td>\n<td width=\"120\"><\/td>\n<td width=\"47\">2.<\/td>\n<td width=\"231\">Mia Wunderlich<\/td>\n<td width=\"83\">7:33<\/td>\n<td width=\"39\"><\/td>\n<td width=\"64\">WU 8<\/td>\n<\/tr>\n<tr>\n<td width=\"4\"><\/td>\n<td width=\"120\"><\/td>\n<td width=\"47\">2.<\/td>\n<td width=\"231\">Nelly Karon<\/td>\n<td width=\"83\">5:33<\/td>\n<td width=\"39\"><\/td>\n<td width=\"64\">WU 10<\/td>\n<\/tr>\n<tr>\n<td width=\"4\"><\/td>\n<td width=\"120\"><\/td>\n<td width=\"47\">4.<\/td>\n<td width=\"231\">Katja Kraus<\/td>\n<td width=\"83\">6:01<\/td>\n<td width=\"39\"><\/td>\n<td width=\"64\">WU 10<\/td>\n<\/tr>\n<tr>\n<td width=\"4\"><\/td>\n<td width=\"120\"><\/td>\n<td width=\"47\">5.<\/td>\n<td width=\"231\">Emily Wunderlich<\/td>\n<td width=\"83\">6:09<\/td>\n<td width=\"39\"><\/td>\n<td width=\"64\">WU 10<\/td>\n<\/tr>\n<tr>\n<td width=\"4\"><\/td>\n<td width=\"120\"><\/td>\n<td width=\"47\">6.<\/td>\n<td width=\"231\">Franziska Schenk<\/td>\n<td width=\"83\">6:53<\/td>\n<td width=\"39\"><\/td>\n<td width=\"64\">WU 10<\/td>\n<\/tr>\n<tr>\n<td width=\"4\"><\/td>\n<td width=\"120\"><\/td>\n<td width=\"47\">2.<\/td>\n<td width=\"231\">Max Wiegand<\/td>\n<td width=\"83\">6:27<\/td>\n<td width=\"39\"><\/td>\n<td width=\"64\">MU 8<\/td>\n<\/tr>\n<tr>\n<td width=\"4\"><\/td>\n<td width=\"120\"><\/td>\n<td width=\"47\">2.<\/td>\n<td width=\"231\">Nico Wiegand<\/td>\n<td width=\"83\">5:55<\/td>\n<td width=\"39\"><\/td>\n<td width=\"64\">MU 10<\/td>\n<\/tr>\n<tr>\n<td width=\"4\"><\/td>\n<td width=\"120\"><\/td>\n<td width=\"47\">1.<\/td>\n<td width=\"231\">Naima Muth<\/td>\n<td width=\"83\">4:34<\/td>\n<td width=\"39\"><\/td>\n<td width=\"64\">WU 12<\/td>\n<\/tr>\n<tr>\n<td width=\"4\"><\/td>\n<td width=\"120\"><\/td>\n<td width=\"47\">8.<\/td>\n<td width=\"231\">Lara Sophie Imdahl<\/td>\n<td width=\"83\">5:53<\/td>\n<td width=\"39\"><\/td>\n<td width=\"64\">WU 12<\/td>\n<\/tr>\n<tr>\n<td width=\"4\"><\/td>\n<td width=\"120\"><\/td>\n<td width=\"47\">9.<\/td>\n<td width=\"231\">Alicia Heyner<\/td>\n<td width=\"83\">6:17<\/td>\n<td width=\"39\"><\/td>\n<td width=\"64\">WU 12<\/td>\n<\/tr>\n<tr>\n<td width=\"4\"><\/td>\n<td width=\"120\"><\/td>\n<td width=\"47\">5.<\/td>\n<td width=\"231\">Devlin Forciniti<\/td>\n<td width=\"83\">4:54<\/td>\n<td width=\"39\"><\/td>\n<td width=\"64\">MU 12<\/td>\n<\/tr>\n<tr>\n<td width=\"4\"><\/td>\n<td width=\"120\"><\/td>\n<td width=\"47\">6.<\/td>\n<td width=\"231\">Tamino Brumm<\/td>\n<td width=\"83\">5:00<\/td>\n<td width=\"39\"><\/td>\n<td width=\"64\">MU 12<\/td>\n<\/tr>\n<tr>\n<td width=\"4\"><\/td>\n<td width=\"120\"><\/td>\n<td width=\"47\">9.<\/td>\n<td width=\"231\">Laurenz Maron<\/td>\n<td width=\"83\">5:48<\/td>\n<td width=\"39\"><\/td>\n<td width=\"64\">MU 12<\/td>\n<\/tr>\n<tr>\n<td width=\"4\"><\/td>\n<td width=\"120\"><\/td>\n<td width=\"47\"><\/td>\n<td width=\"231\"><\/td>\n<td width=\"83\"><\/td>\n<td width=\"39\"><\/td>\n<td width=\"64\"><\/td>\n<\/tr>\n<tr>\n<td width=\"4\"><\/td>\n<td width=\"120\"><strong>2.000 m<\/strong><\/td>\n<td width=\"47\">1.<\/td>\n<td width=\"231\">Elijah Muth<\/td>\n<td width=\"83\">8:35<\/td>\n<td width=\"39\"><\/td>\n<td width=\"64\">MU 14<\/td>\n<\/tr>\n<tr>\n<td width=\"4\"><\/td>\n<td width=\"120\"><\/td>\n<td width=\"47\">1.<\/td>\n<td width=\"231\">Niklas Ludwig<\/td>\n<td width=\"83\">8:52<\/td>\n<td width=\"39\"><\/td>\n<td width=\"64\">MU 16<\/td>\n<\/tr>\n<tr>\n<td width=\"4\"><\/td>\n<td width=\"120\"><\/td>\n<td width=\"47\">5.<\/td>\n<td width=\"231\">Milena Klockmann<\/td>\n<td width=\"83\">11:10<\/td>\n<td width=\"39\"><\/td>\n<td width=\"64\">WU 14<\/td>\n<\/tr>\n<tr>\n<td width=\"4\"><\/td>\n<td width=\"120\"><\/td>\n<td width=\"47\">1.<\/td>\n<td width=\"231\">Vanessa Wyryma<\/td>\n<td width=\"83\">9:22<\/td>\n<td width=\"39\"><\/td>\n<td width=\"64\">WU 16<\/td>\n<\/tr>\n<tr>\n<td width=\"4\"><\/td>\n<td width=\"120\"><\/td>\n<td width=\"47\">2.<\/td>\n<td width=\"231\">Lea Ludwig<\/td>\n<td width=\"83\">9:41<\/td>\n<td width=\"39\"><\/td>\n<td width=\"64\">WU 18<\/td>\n<\/tr>\n<\/tbody>\n<\/table>\n<p><a href=\"http:\/\/lauftreff-tvheli.de\/lauftreff\/wp-content\/uploads\/2018\/08\/2017.11.11-Cross-Heli-Ergebnisse.pdf\">2017.11.11 Cross Heli Ergebnisse<\/a><\/p>\n","protected":false},"excerpt":{"rendered":"<p>Am Samstag ab 12 Uhr starteten die ersten L\u00e4ufe zum Crosslauf in Hessisch Lichtenau. Es ist der erste von vier Wertungsl\u00e4ufen zum Crosscup Nordhessen. Bei denkbar ung\u00fcnstigen Wetterbedingungen mit K\u00e4lte, Wind und Regen kamen 111 aktive L\u00e4ufer aus Nordhessen an die Starts \u00fcber die unterschiedlichen Strecken. Gelaufen wurde auf einer 1-Kilometerrunde am Schulberg. Los ging &#8230;<\/p>\n","protected":false},"author":1,"featured_media":0,"parent":450,"menu_order":4,"comment_status":"closed","ping_status":"closed","template":"","meta":{"footnotes":""},"class_list":["post-476","page","type-page","status-publish","hentry"],"_links":{"self":[{"href":"https:\/\/lauftreff-tvheli.de\/lauftreff\/wp-json\/wp\/v2\/pages\/476","targetHints":{"allow":["GET"]}}],"collection":[{"href":"https:\/\/lauftreff-tvheli.de\/lauftreff\/wp-json\/wp\/v2\/pages"}],"about":[{"href":"https:\/\/lauftreff-tvheli.de\/lauftreff\/wp-json\/wp\/v2\/types\/page"}],"author":[{"embeddable":true,"href":"https:\/\/lauftreff-tvheli.de\/lauftreff\/wp-json\/wp\/v2\/users\/1"}],"replies":[{"embeddable":true,"href":"https:\/\/lauftreff-tvheli.de\/lauftreff\/wp-json\/wp\/v2\/comments?post=476"}],"version-history":[{"count":2,"href":"https:\/\/lauftreff-tvheli.de\/lauftreff\/wp-json\/wp\/v2\/pages\/476\/revisions"}],"predecessor-version":[{"id":481,"href":"https:\/\/lauftreff-tvheli.de\/lauftreff\/wp-json\/wp\/v2\/pages\/476\/revisions\/481"}],"up":[{"embeddable":true,"href":"https:\/\/lauftreff-tvheli.de\/lauftreff\/wp-json\/wp\/v2\/pages\/450"}],"wp:attachment":[{"href":"https:\/\/lauftreff-tvheli.de\/lauftreff\/wp-json\/wp\/v2\/media?parent=476"}],"curies":[{"name":"wp","href":"https:\/\/api.w.org\/{rel}","templated":true}]}}