{"id":412,"date":"2013-09-29T10:22:11","date_gmt":"2013-09-29T08:22:11","guid":{"rendered":"http:\/\/lauftreff-tvheli.de\/lauftreff\/?page_id=412"},"modified":"2018-07-22T17:00:53","modified_gmt":"2018-07-22T15:00:53","slug":"5-sparkassenlauf-am-29-09-2013","status":"publish","type":"page","link":"https:\/\/lauftreff-tvheli.de\/lauftreff\/laufveranstaltungen-vom-lauftreff\/sparkassenlauf\/5-sparkassenlauf-am-29-09-2013\/","title":{"rendered":"5. Sparkassenlauf am 29.09.2013"},"content":{"rendered":"<p>Gute Beteiligung beim 5. Sparkassenlauf<\/p>\n<p>Zum 5. Mal wurde in Hessisch Lichtenau der Sparkassenlauf ausgetragen. Bei sonnigem Wetter und zum Laufen idealen Temperaturen gingen die Bambini um 11:00 Uhr an den Start vor der Sparkasse. Gestartet sind 53 Kinder \u00fcber die 768 Meter.<\/p>\n<p>Bei den M\u00e4dchen konnte Cecile L\u00f6ber vom TSV Retterode in 3:15 Minuten gewinnen, ihr folgten Naima Muth vom Lauftreff TV Heli, Finja Ruhnau von der Grundschule Heli und Dana W\u00f6lfel von der Schule am Fischbach aus F\u00fcrstenhagen.<\/p>\n<p>Devlin Forciniti vom Lauftreff TV Heli hat bei den Jungen in 3:12 Minuten gewonnen, gefolgt vom Vereinskamerad Mathi Lichtenau. Auf dem 3. Platz konnte sich Vincent Nickel von der Sparkasse Werra-Mei\u00dfner platzieren.<\/p>\n<p>\u00dcber die 2,5 Kilometer starteten 66 Jugendliche. Lara Azevedo vom TSV Retterode holte sich bei den WU16 den ersten Platz in 10:06 Minuten. Gefolgt von Elena Vopicka vom TSV Retterode und Marie Zettl vom TV Heli. Die WU13 konnte Emely Winter in 10:06 Minuten gewinnen. Auf dem Platz 2 landete Marie Rarior von der LG Kaufungen gefolgt von Sarah Frost vom TSV Retterode.<\/p>\n<p>Bei den Jungen in der MU16 belegten gleich drei TSV Retterode Sportler die ersten Pl\u00e4tze. Mika Heckmann in 9:30 Minuten, Luis Azevedo und Daniel Seelig. Vom TSV Retterode gewann Aaron Winter die MU14 in 10:11 Minuten. Gefolgt von Elijah Muth vom Lauftreff TV Heli und Janis Trupp vom TSV Retterode.<\/p>\n<p>Drei Runden hatten die Starter \u00fcber die 7.500 Meter zu bew\u00e4ltigen. Bei den Frauen gewann Karen Helbig von der LG Kaufungen vor Liesel Sch\u00f6ffel-Seggewi\u00df vom TSG F\u00fcrstenhagen und Diana Lutz vom TV Heli. Schnellster \u00fcber die Distanz war Matthias Musik vom Lauftreff TV Heli, und somit auch Gesamtsieger in fabelhaften 26:23 Minuten. Ihm folgte Anton Guthardt von der TSG Retterode und Andre Brethauer vom KSV Baunatal.<\/p>\n<p>Ebenfalls auf die 7.500 Meter gingen 66 Athleten in 22 Staffeln, wobei nach jeder Runde Staffelholz\u00fcbergabe war. Gewonnen hat die Staffel \u201eLars Lucas Luis\u201c aus Retterode, gefolgt von der Staffel \u201eFamilie Dilling\u201c ebenfalls aus Retterode. Die Staffeln gingen teilweise verkleidet und geschminkt an den Start.<\/p>\n<p>Insgesamt gingen an diesem Sonntag 239 L\u00e4uferinnen und L\u00e4ufer auf die Strecke durch Hessisch Lichtenau. F\u00fcr das leibliche Wohl (Getr\u00e4nke, Kuchen und W\u00fcrstchen) sorgte der Evangelische Kindergarten und ein Team von der Sparkasse.<\/p>\n<p>Der Lauftreff TV Hessisch Lichtenau bedankt sich bei allen Teilnehmern, Zuschauern, Helfern von\u00a0DRK, Polizei, Feuerwehr, Bauhof\u00a0und der Sparkasse Werra-Mei\u00dfner f\u00fcr eine gelungene Veranstaltung.<\/p>\n","protected":false},"excerpt":{"rendered":"<p>Gute Beteiligung beim 5. Sparkassenlauf Zum 5. Mal wurde in Hessisch Lichtenau der Sparkassenlauf ausgetragen. Bei sonnigem Wetter und zum Laufen idealen Temperaturen gingen die Bambini um 11:00 Uhr an den Start vor der Sparkasse. Gestartet sind 53 Kinder \u00fcber die 768 Meter. Bei den M\u00e4dchen konnte Cecile L\u00f6ber vom TSV Retterode in 3:15 Minuten &#8230;<\/p>\n","protected":false},"author":1,"featured_media":0,"parent":283,"menu_order":0,"comment_status":"closed","ping_status":"closed","template":"","meta":{"footnotes":""},"class_list":["post-412","page","type-page","status-publish","hentry"],"_links":{"self":[{"href":"https:\/\/lauftreff-tvheli.de\/lauftreff\/wp-json\/wp\/v2\/pages\/412","targetHints":{"allow":["GET"]}}],"collection":[{"href":"https:\/\/lauftreff-tvheli.de\/lauftreff\/wp-json\/wp\/v2\/pages"}],"about":[{"href":"https:\/\/lauftreff-tvheli.de\/lauftreff\/wp-json\/wp\/v2\/types\/page"}],"author":[{"embeddable":true,"href":"https:\/\/lauftreff-tvheli.de\/lauftreff\/wp-json\/wp\/v2\/users\/1"}],"replies":[{"embeddable":true,"href":"https:\/\/lauftreff-tvheli.de\/lauftreff\/wp-json\/wp\/v2\/comments?post=412"}],"version-history":[{"count":2,"href":"https:\/\/lauftreff-tvheli.de\/lauftreff\/wp-json\/wp\/v2\/pages\/412\/revisions"}],"predecessor-version":[{"id":443,"href":"https:\/\/lauftreff-tvheli.de\/lauftreff\/wp-json\/wp\/v2\/pages\/412\/revisions\/443"}],"up":[{"embeddable":true,"href":"https:\/\/lauftreff-tvheli.de\/lauftreff\/wp-json\/wp\/v2\/pages\/283"}],"wp:attachment":[{"href":"https:\/\/lauftreff-tvheli.de\/lauftreff\/wp-json\/wp\/v2\/media?parent=412"}],"curies":[{"name":"wp","href":"https:\/\/api.w.org\/{rel}","templated":true}]}}