{"id":409,"date":"2014-09-21T10:21:36","date_gmt":"2014-09-21T08:21:36","guid":{"rendered":"http:\/\/lauftreff-tvheli.de\/lauftreff\/?page_id=409"},"modified":"2018-07-22T17:01:03","modified_gmt":"2018-07-22T15:01:03","slug":"6-sparkassenlauf-am-21-09-2014","status":"publish","type":"page","link":"https:\/\/lauftreff-tvheli.de\/lauftreff\/laufveranstaltungen-vom-lauftreff\/sparkassenlauf\/6-sparkassenlauf-am-21-09-2014\/","title":{"rendered":"6. Sparkassenlauf am 21.09.2014"},"content":{"rendered":"<p><span style=\"font-family: 'Verdana','sans-serif';\"><span style=\"color: #000000;\">Mit 160 Startern \u00fcber vier Wettbewerbe<\/span><\/span><\/p>\n<p><span style=\"font-family: 'Verdana','sans-serif';\"><span style=\"color: #000000;\">Trotz der schlechten Wetterprognose f\u00fcr Sonntagmorgen, gingen zum 6. Sparkassenlauf 160 Teilnehmer vor der Sparkasse an den Start. <\/span><\/span><\/p>\n<p><span style=\"font-family: 'Verdana','sans-serif';\"><span style=\"color: #000000;\">Um 11:00 Uhr machten sich die Bambini auf den Weg durch die Lichtenauer Altstadt. Die 37 Kinder mussten eine Strecke von ca. 600 Meter absolvieren. Dies schaffte bei den Jungen Benni S\u00f6rgel in 3:04 Minuten am schnellsten, dicht gefolgt von Mika Ludwig in 3:05 Minuten. Bei den M\u00e4dchen war Frieda Reuter mit 3:12 Minuten nicht zu schlagen, auf Platz 2 folgte Tabea Konrad in 3:19 Minuten. Alle vier starteten f\u00fcr die Schule am Fischbach in F\u00fcrstenhagen.<\/span><\/span><\/p>\n<p><span style=\"font-family: 'Verdana','sans-serif';\"><span style=\"color: #000000;\">Auf eine 2,5 Kilometer lange Runde gingen die Jugendlichen um 11:30 Uhr. Gewonnen hat Daniel Seelig vom TSV Retterode in 9:42, vor Elijah Muth in 9:48 vom TV Hessisch Lichtenau. Schnellstes M\u00e4dchen war Cecile L\u00f6ber in 10:37 Minuten, gefolgt von Ellen Tesfay in 10:50 Minuten vom TV Hessisch Lichtenau.<\/span><\/span><\/p>\n<p><span style=\"font-family: 'Verdana','sans-serif';\"><span style=\"color: #000000;\">Als letztes gingen die 7,5 Kilometer Starter auf die drei Runden. Hier setzte sich Christoph Bentz vom KSV Baunatal in 26:10 Minuten durch, gefolgt von Andre Brethauer vom SC Neukirchen in 26:33 Minuten. Bei den Damen wurde Karen Helbig von der LG Kaufungen in 32:47 Minuten erste, ihr folgte Manuela Klockmann vom TV Hessisch Lichtenau in 35:09 Minuten. Schnellste Staffel in 32:58 Minuten war die Staffel \u201eRalf, R\u00fcdiger, Maik\u201c vom TC Hessisch Lichtenau.<\/span><\/span><\/p>\n<p><span style=\"font-family: 'Verdana','sans-serif';\"><span style=\"color: #000000;\">Alle L\u00e4ufer wurden lautstark von den Zuschauern im Start- und Zielbereich angefeuert. <\/span><\/span><\/p>\n<p><span style=\"font-family: 'Verdana','sans-serif';\"><span style=\"color: #000000;\">Nach den Wettbewerben gab es f\u00fcr alle Kaffee, Kuchen und W\u00fcrstchen organisiert vom F\u00f6rderverein des Evangelischen Kindergartens. Leider musste die Siegerehrung wegen eines Regenschauers in die Sparkasse verlegt werden. F\u00fcr alle Teilnehmer gab es eine Urkunde und f\u00fcr die Sieger noch Sachpreise, \u00fcberreicht von Volker Troll von der Sparkasse.<\/span><\/span><\/p>\n<p><span style=\"font-family: 'Verdana','sans-serif';\"><span style=\"color: #000000;\">Wir bedanken uns bei allen die geholfen haben, sowie dem DRK, der Polizei, der Stadt Hessisch Lichtenau und dem F\u00f6rderverein des Evangelischen Kindergartens. Ein besonderer Dank gilt den Sponsoren, ohne die so eine Veranstaltung nicht m\u00f6glich w\u00e4re.<\/span><\/span><\/p>\n<p>&nbsp;<\/p>\n","protected":false},"excerpt":{"rendered":"<p>Mit 160 Startern \u00fcber vier Wettbewerbe Trotz der schlechten Wetterprognose f\u00fcr Sonntagmorgen, gingen zum 6. Sparkassenlauf 160 Teilnehmer vor der Sparkasse an den Start. Um 11:00 Uhr machten sich die Bambini auf den Weg durch die Lichtenauer Altstadt. Die 37 Kinder mussten eine Strecke von ca. 600 Meter absolvieren. Dies schaffte bei den Jungen Benni &#8230;<\/p>\n","protected":false},"author":1,"featured_media":0,"parent":283,"menu_order":0,"comment_status":"closed","ping_status":"closed","template":"","meta":{"footnotes":""},"class_list":["post-409","page","type-page","status-publish","hentry"],"_links":{"self":[{"href":"https:\/\/lauftreff-tvheli.de\/lauftreff\/wp-json\/wp\/v2\/pages\/409","targetHints":{"allow":["GET"]}}],"collection":[{"href":"https:\/\/lauftreff-tvheli.de\/lauftreff\/wp-json\/wp\/v2\/pages"}],"about":[{"href":"https:\/\/lauftreff-tvheli.de\/lauftreff\/wp-json\/wp\/v2\/types\/page"}],"author":[{"embeddable":true,"href":"https:\/\/lauftreff-tvheli.de\/lauftreff\/wp-json\/wp\/v2\/users\/1"}],"replies":[{"embeddable":true,"href":"https:\/\/lauftreff-tvheli.de\/lauftreff\/wp-json\/wp\/v2\/comments?post=409"}],"version-history":[{"count":2,"href":"https:\/\/lauftreff-tvheli.de\/lauftreff\/wp-json\/wp\/v2\/pages\/409\/revisions"}],"predecessor-version":[{"id":442,"href":"https:\/\/lauftreff-tvheli.de\/lauftreff\/wp-json\/wp\/v2\/pages\/409\/revisions\/442"}],"up":[{"embeddable":true,"href":"https:\/\/lauftreff-tvheli.de\/lauftreff\/wp-json\/wp\/v2\/pages\/283"}],"wp:attachment":[{"href":"https:\/\/lauftreff-tvheli.de\/lauftreff\/wp-json\/wp\/v2\/media?parent=409"}],"curies":[{"name":"wp","href":"https:\/\/api.w.org\/{rel}","templated":true}]}}