{"id":352,"date":"2016-05-21T17:23:45","date_gmt":"2016-05-21T15:23:45","guid":{"rendered":"http:\/\/lauftreff-tvheli.de\/lauftreff\/?page_id=352"},"modified":"2018-07-14T17:51:48","modified_gmt":"2018-07-14T15:51:48","slug":"25-volkslauf-am-21-05-2016","status":"publish","type":"page","link":"https:\/\/lauftreff-tvheli.de\/lauftreff\/laufveranstaltungen-vom-lauftreff\/volkslauf-tv-hessisch-lichtenau\/25-volkslauf-am-21-05-2016\/","title":{"rendered":"25. Volkslauf am 21.05.2016"},"content":{"rendered":"<p><span style=\"font-family: 'Verdana','sans-serif';\"><span style=\"color: #000000;\">Zum 25. Jubil\u00e4umslauf fanden sich 418 Starter aus ganz Nordhessen zum Volkslauf in Hessisch Lichtenau ein. Es war der 9. Lauf zum Nordhessencup.<\/span><\/span><\/p>\n<figure id=\"attachment_373\" aria-describedby=\"caption-attachment-373\" style=\"width: 616px\" class=\"wp-caption aligncenter\"><img loading=\"lazy\" decoding=\"async\" class=\"wp-image-373 size-full\" src=\"http:\/\/lauftreff-tvheli.de\/lauftreff\/wp-content\/uploads\/2018\/07\/2016.05.21-NHC-Hessisch-Lichtenau-HP1-e1531583388288.jpg\" alt=\"\" width=\"616\" height=\"310\" srcset=\"https:\/\/lauftreff-tvheli.de\/lauftreff\/wp-content\/uploads\/2018\/07\/2016.05.21-NHC-Hessisch-Lichtenau-HP1-e1531583388288.jpg 616w, https:\/\/lauftreff-tvheli.de\/lauftreff\/wp-content\/uploads\/2018\/07\/2016.05.21-NHC-Hessisch-Lichtenau-HP1-e1531583388288-300x151.jpg 300w\" sizes=\"auto, (max-width: 616px) 100vw, 616px\" \/><figcaption id=\"caption-attachment-373\" class=\"wp-caption-text\">Kinderlauftreff begr\u00fc\u00dft die G\u00e4ste zum 25. Volkslauf<\/figcaption><\/figure>\n<p><span style=\"font-family: 'Verdana','sans-serif';\"><span style=\"color: #000000;\">Bei strahlendem Sonnenschein gingen die Kleinsten auf die 400 Meter Stadionrunde. Annika Stephainski und Julius Bauer beide von der LG Kaufungen belegten den ersten Platz.<\/span><\/span><\/p>\n<figure id=\"attachment_374\" aria-describedby=\"caption-attachment-374\" style=\"width: 640px\" class=\"wp-caption aligncenter\"><img loading=\"lazy\" decoding=\"async\" class=\"size-full wp-image-374\" src=\"http:\/\/lauftreff-tvheli.de\/lauftreff\/wp-content\/uploads\/2018\/07\/2016.05.21-NHC-Hessisch-Lichtenau-HP2.jpg\" alt=\"\" width=\"640\" height=\"426\" srcset=\"https:\/\/lauftreff-tvheli.de\/lauftreff\/wp-content\/uploads\/2018\/07\/2016.05.21-NHC-Hessisch-Lichtenau-HP2.jpg 640w, https:\/\/lauftreff-tvheli.de\/lauftreff\/wp-content\/uploads\/2018\/07\/2016.05.21-NHC-Hessisch-Lichtenau-HP2-300x200.jpg 300w\" sizes=\"auto, (max-width: 640px) 100vw, 640px\" \/><figcaption id=\"caption-attachment-374\" class=\"wp-caption-text\">Start Bambini<\/figcaption><\/figure>\n<p><span style=\"font-family: 'Verdana','sans-serif';\"><span style=\"color: #000000;\">Bei der weiblichen Jugend schaffte Vanessa Wyryma den Gesamtsieg \u00fcber 1.000 Meter in 3:28 Minuten. Gerade mal 2:54 Minuten ben\u00f6tigte Louis Hartwig f\u00fcr die zweieinhalb Stadionrunden, mit dieser Zeit wurde er deutlich Gesamtsieger in der m\u00e4nnlichen Jugend. Beide Athleten kommen vom Lauftreff TV Hessisch Lichtenau.<\/span><\/span><\/p>\n<figure id=\"attachment_375\" aria-describedby=\"caption-attachment-375\" style=\"width: 640px\" class=\"wp-caption aligncenter\"><img loading=\"lazy\" decoding=\"async\" class=\"size-full wp-image-375\" src=\"http:\/\/lauftreff-tvheli.de\/lauftreff\/wp-content\/uploads\/2018\/07\/2016.05.21-NHC-Hessisch-Lichtenau-HP3.jpg\" alt=\"\" width=\"640\" height=\"426\" srcset=\"https:\/\/lauftreff-tvheli.de\/lauftreff\/wp-content\/uploads\/2018\/07\/2016.05.21-NHC-Hessisch-Lichtenau-HP3.jpg 640w, https:\/\/lauftreff-tvheli.de\/lauftreff\/wp-content\/uploads\/2018\/07\/2016.05.21-NHC-Hessisch-Lichtenau-HP3-300x200.jpg 300w\" sizes=\"auto, (max-width: 640px) 100vw, 640px\" \/><figcaption id=\"caption-attachment-375\" class=\"wp-caption-text\">Lauf \u00fcber 1.000 Meter<\/figcaption><\/figure>\n<p><span style=\"font-family: 'Verdana','sans-serif';\"><span style=\"color: #000000;\">Auf die Wendepunktstrecke \u00fcber 5 Kilometer gingen insgesamt 153 L\u00e4ufer. Schnellster \u00fcber diese Distanz war Max Fuchs von der LG Reinhardswald. Er ben\u00f6tigte 17:35 Minuten f\u00fcr die Strecke in Richtung Friedrichsbr\u00fcck und zur\u00fcck. Bei den Damen ging der Gesamtsieg an Nina Voelckel, sie ben\u00f6tigte 20:52 Minuten f\u00fcr die Strecke.<\/span><\/span><\/p>\n<figure id=\"attachment_376\" aria-describedby=\"caption-attachment-376\" style=\"width: 640px\" class=\"wp-caption aligncenter\"><img loading=\"lazy\" decoding=\"async\" class=\"size-full wp-image-376\" src=\"http:\/\/lauftreff-tvheli.de\/lauftreff\/wp-content\/uploads\/2018\/07\/2016.05.21-NHC-Hessisch-Lichtenau-HP4.jpg\" alt=\"\" width=\"640\" height=\"426\" srcset=\"https:\/\/lauftreff-tvheli.de\/lauftreff\/wp-content\/uploads\/2018\/07\/2016.05.21-NHC-Hessisch-Lichtenau-HP4.jpg 640w, https:\/\/lauftreff-tvheli.de\/lauftreff\/wp-content\/uploads\/2018\/07\/2016.05.21-NHC-Hessisch-Lichtenau-HP4-300x200.jpg 300w\" sizes=\"auto, (max-width: 640px) 100vw, 640px\" \/><figcaption id=\"caption-attachment-376\" class=\"wp-caption-text\">Start 5 Kilometer<\/figcaption><\/figure>\n<p><span style=\"font-family: 'Verdana','sans-serif';\"><span style=\"color: #000000;\">107 Athleten starteten auf der 10 Kilometer Wendepunktstrecke. In 37:12 Minuten bew\u00e4ltigte Martin Herbold von der TuSpo 1896 Borken die Strecke. Carolin Hartung ben\u00f6tigte 45:18 Minuten, sie startet f\u00fcr Fuldabr\u00fcck.<\/span><\/span><\/p>\n<p><span style=\"font-family: 'Verdana','sans-serif';\"><span style=\"color: #000000;\">Auf die neue 20 Kilometerstrecke gingen 58 L\u00e4ufer, sie f\u00fchrte \u00fcber Friedrichsbr\u00fcck nach Hirschhagen. Dort mussten zwei Runden absolviert werden, bevor es wieder zur\u00fcck ins Stadion ging. Der f\u00fcr den TSV Eschwege startende Timo Pippart ben\u00f6tigte 1:14:52 Stunden f\u00fcr die Strecke. Sandra Barborseck vom TV 03 Breitenbach gewann in 1:30:49 Stunden die Frauenkonkurrenz.<\/span><\/span><\/p>\n<p><span style=\"font-family: 'Verdana','sans-serif';\"><span style=\"color: #000000;\">Jeder Zieleinl\u00e4ufer erhielt im Ziel ein Bl\u00fcmchen, zur Erinnerung an den 25. Volkslauf in Hessisch Lichtenau. Aus Sicht der Organisatoren ist die Veranstaltung gut gelaufen, nur das Ziel, \u00fcber 500 Starter auf die Strecken zu bekommen, wurde verfehlt. Der Dank gilt allen aktiven L\u00e4ufern, dem DRK und allen Helfern, ohne die eine solche Veranstaltung nicht m\u00f6glich w\u00e4re.<\/span><\/span><\/p>\n<p><a href=\"http:\/\/lauftreff-tvheli.de\/lauftreff\/wp-content\/uploads\/2018\/07\/ErgebnislistenErgebnislisteAK.pdf\">ErgebnislistenErgebnislisteAK<\/a><\/p>\n<table width=\"520\">\n<tbody>\n<tr>\n<td width=\"103\"><strong>400 m<\/strong><\/td>\n<td width=\"47\">6.<\/td>\n<td width=\"230\">Amandine Euler<\/td>\n<td width=\"73\">2:05<\/td>\n<td width=\"67\">Bambini<\/td>\n<\/tr>\n<tr>\n<td><\/td>\n<td>8.<\/td>\n<td>Philip Herget<\/td>\n<td>2:07<\/td>\n<td>Bambini<\/td>\n<\/tr>\n<tr>\n<td><\/td>\n<td>11.<\/td>\n<td>Yuma Moses Wagner<\/td>\n<td>2:37<\/td>\n<td>Bambini<\/td>\n<\/tr>\n<tr>\n<td><\/td>\n<td><\/td>\n<td><\/td>\n<td><\/td>\n<td><\/td>\n<\/tr>\n<tr>\n<td><strong>1.000 m<\/strong><\/td>\n<td>1.<\/td>\n<td>Vanessa Wyryma<\/td>\n<td>3:28<\/td>\n<td>WU 14<\/td>\n<\/tr>\n<tr>\n<td><\/td>\n<td>5.<\/td>\n<td>Kim Schulze<\/td>\n<td>4:29<\/td>\n<td>WU 14<\/td>\n<\/tr>\n<tr>\n<td><\/td>\n<td>6.<\/td>\n<td>Milena Klockmann<\/td>\n<td>4:30<\/td>\n<td>WU 14<\/td>\n<\/tr>\n<tr>\n<td><\/td>\n<td>5.<\/td>\n<td>Naima Muth<\/td>\n<td>3:57<\/td>\n<td>WU 12<\/td>\n<\/tr>\n<tr>\n<td><\/td>\n<td>11.<\/td>\n<td>Leonie Rodekurth<\/td>\n<td>6:34<\/td>\n<td>WU 12<\/td>\n<\/tr>\n<tr>\n<td><\/td>\n<td>1.<\/td>\n<td>Nina Herget<\/td>\n<td>4:00<\/td>\n<td>WU 10<\/td>\n<\/tr>\n<tr>\n<td><\/td>\n<td>8.<\/td>\n<td>Tabea Konrad<\/td>\n<td>4:25<\/td>\n<td>WU 10<\/td>\n<\/tr>\n<tr>\n<td><\/td>\n<td>10.<\/td>\n<td>Emilia Gippert<\/td>\n<td>4:35<\/td>\n<td>WU 10<\/td>\n<\/tr>\n<tr>\n<td><\/td>\n<td>16.<\/td>\n<td>Franziska Schenk<\/td>\n<td>4:53<\/td>\n<td>WU 10<\/td>\n<\/tr>\n<tr>\n<td><\/td>\n<td>1.<\/td>\n<td>Katja Kraus<\/td>\n<td>4:54<\/td>\n<td>WU 8<\/td>\n<\/tr>\n<tr>\n<td><\/td>\n<td>3.<\/td>\n<td>Emily Schwarz<\/td>\n<td>5:35<\/td>\n<td>WU 8<\/td>\n<\/tr>\n<tr>\n<td><\/td>\n<td>1.<\/td>\n<td>Louis Hartwig<\/td>\n<td>2:54<\/td>\n<td>Mu 16<\/td>\n<\/tr>\n<tr>\n<td><\/td>\n<td>1.<\/td>\n<td>Elijah Muth<\/td>\n<td>3:15<\/td>\n<td>MU 14<\/td>\n<\/tr>\n<tr>\n<td><\/td>\n<td>2.<\/td>\n<td>Niklas Ludwig<\/td>\n<td>3:36<\/td>\n<td>MU 14<\/td>\n<\/tr>\n<tr>\n<td><\/td>\n<td>5.<\/td>\n<td>Florian Schnellhammer<\/td>\n<td>4:20<\/td>\n<td>MU 14<\/td>\n<\/tr>\n<tr>\n<td><\/td>\n<td>6.<\/td>\n<td>Jacob R\u00fchling<\/td>\n<td>4:21<\/td>\n<td>MU 14<\/td>\n<\/tr>\n<tr>\n<td><\/td>\n<td>5.<\/td>\n<td>Devlin Forciniti<\/td>\n<td>3:52<\/td>\n<td>MU 12<\/td>\n<\/tr>\n<tr>\n<td><\/td>\n<td>10.<\/td>\n<td>Julian Hlisc<\/td>\n<td>4:12<\/td>\n<td>MU 12<\/td>\n<\/tr>\n<tr>\n<td><\/td>\n<td>14.<\/td>\n<td>Mathi Lichtenau<\/td>\n<td>4:43<\/td>\n<td>MU 12<\/td>\n<\/tr>\n<tr>\n<td><\/td>\n<td>6.<\/td>\n<td>Moritz Klockmann<\/td>\n<td>4:16<\/td>\n<td>MU 10<\/td>\n<\/tr>\n<tr>\n<td><\/td>\n<td>9.<\/td>\n<td>Finn Louis Gippert<\/td>\n<td>4:21<\/td>\n<td>MU 10<\/td>\n<\/tr>\n<tr>\n<td><\/td>\n<td>12.<\/td>\n<td>Laurenz Maron<\/td>\n<td>4:29<\/td>\n<td>MU 10<\/td>\n<\/tr>\n<tr>\n<td><\/td>\n<td>16.<\/td>\n<td>Madara Lemmerca<\/td>\n<td>4:56<\/td>\n<td>MU 10<\/td>\n<\/tr>\n<tr>\n<td><\/td>\n<td>17.<\/td>\n<td>Marco Schwarz<\/td>\n<td>5:13<\/td>\n<td>MU 10<\/td>\n<\/tr>\n<tr>\n<td><\/td>\n<td><\/td>\n<td><\/td>\n<td><\/td>\n<td><\/td>\n<\/tr>\n<tr>\n<td><strong>5.000 m<\/strong><\/td>\n<td>2.<\/td>\n<td>Geraldine Euler<\/td>\n<td>23:40<\/td>\n<td>W 20<\/td>\n<\/tr>\n<tr>\n<td><\/td>\n<td>9.<\/td>\n<td>Annette Rodekurth<\/td>\n<td>31:15<\/td>\n<td>W 40<\/td>\n<\/tr>\n<tr>\n<td><\/td>\n<td>3.<\/td>\n<td>Ilona Hildmann<\/td>\n<td>24:53<\/td>\n<td>W 50<\/td>\n<\/tr>\n<tr>\n<td><\/td>\n<td>2.<\/td>\n<td>Lea Ludwig<\/td>\n<td>22:56<\/td>\n<td>WU 18<\/td>\n<\/tr>\n<tr>\n<td><\/td>\n<td>2.<\/td>\n<td>Mira Knoblauch<\/td>\n<td>24:02<\/td>\n<td>WU 16<\/td>\n<\/tr>\n<tr>\n<td><\/td>\n<td>3.<\/td>\n<td>Sophie R\u00fchling<\/td>\n<td>25:51<\/td>\n<td>WU 16<\/td>\n<\/tr>\n<tr>\n<td><\/td>\n<td>4.<\/td>\n<td>Rabia Topci<\/td>\n<td>29:27<\/td>\n<td>WU 16<\/td>\n<\/tr>\n<tr>\n<td><\/td>\n<td>6.<\/td>\n<td>Carlotta Bernhardt<\/td>\n<td>41:48<\/td>\n<td>WU 16<\/td>\n<\/tr>\n<tr>\n<td><\/td>\n<td>11.<\/td>\n<td>Ralf Kaiser<\/td>\n<td>24:00<\/td>\n<td>M 50<\/td>\n<\/tr>\n<tr>\n<td><\/td>\n<td>3.<\/td>\n<td>Simon Tesfalem<\/td>\n<td>21:21<\/td>\n<td>MU 18<\/td>\n<\/tr>\n<tr>\n<td><\/td>\n<td>4.<\/td>\n<td>Friedrich Seelig<\/td>\n<td>21:26<\/td>\n<td>MU 18<\/td>\n<\/tr>\n<tr>\n<td><\/td>\n<td>6.<\/td>\n<td>Jan Nordmeier<\/td>\n<td>23:49<\/td>\n<td>MU 18<\/td>\n<\/tr>\n<tr>\n<td><\/td>\n<td>5.<\/td>\n<td>Tim-Henrik Bergmann<\/td>\n<td>27:29<\/td>\n<td>MU 14<\/td>\n<\/tr>\n<tr>\n<td><\/td>\n<td><\/td>\n<td><\/td>\n<td><\/td>\n<td><\/td>\n<\/tr>\n<tr>\n<td><strong>10.000 m<\/strong><\/td>\n<td>3.<\/td>\n<td>Kristina Fr\u00f6lich<\/td>\n<td>58:45<\/td>\n<td>W 20<\/td>\n<\/tr>\n<tr>\n<td><\/td>\n<td>1.<\/td>\n<td>Tabea Rehbein<\/td>\n<td>56:45<\/td>\n<td>WU 18<\/td>\n<\/tr>\n<tr>\n<td><\/td>\n<td>8.<\/td>\n<td>Marcel Volkmann<\/td>\n<td>47:09<\/td>\n<td>M 30<\/td>\n<\/tr>\n<tr>\n<td><\/td>\n<td>8.<\/td>\n<td>Karl Fr\u00f6lich<\/td>\n<td>1:01:13<\/td>\n<td>M 60<\/td>\n<\/tr>\n<tr>\n<td><\/td>\n<td>9.<\/td>\n<td>Heinrich Kaster<\/td>\n<td>1:12:36<\/td>\n<td>M 60<\/td>\n<\/tr>\n<tr>\n<td><\/td>\n<td>1.<\/td>\n<td>Johannes Esaak Andemarian<\/td>\n<td>38:52<\/td>\n<td>MU 20<\/td>\n<\/tr>\n<tr>\n<td><\/td>\n<td>2.<\/td>\n<td>Nasir Rostam Kheil<\/td>\n<td>48:53<\/td>\n<td>MU 18<\/td>\n<\/tr>\n<tr>\n<td><\/td>\n<td><\/td>\n<td><\/td>\n<td><\/td>\n<td><\/td>\n<\/tr>\n<tr>\n<td><strong>20.000 m<\/strong><\/td>\n<td>5.<\/td>\n<td>David Schilling<\/td>\n<td>1:54:16<\/td>\n<td>M 30<\/td>\n<\/tr>\n<tr>\n<td><\/td>\n<td>10.<\/td>\n<td>Ralf Grunewald<\/td>\n<td>1:35:29<\/td>\n<td>M 40<\/td>\n<\/tr>\n<tr>\n<td><\/td>\n<td>17.<\/td>\n<td>Jan Poppenh\u00e4ger<\/td>\n<td>2:02:47<\/td>\n<td>M 40<\/td>\n<\/tr>\n<\/tbody>\n<\/table>\n","protected":false},"excerpt":{"rendered":"<p>Zum 25. Jubil\u00e4umslauf fanden sich 418 Starter aus ganz Nordhessen zum Volkslauf in Hessisch Lichtenau ein. Es war der 9. Lauf zum Nordhessencup. Bei strahlendem Sonnenschein gingen die Kleinsten auf die 400 Meter Stadionrunde. Annika Stephainski und Julius Bauer beide von der LG Kaufungen belegten den ersten Platz. Bei der weiblichen Jugend schaffte Vanessa Wyryma &#8230;<\/p>\n","protected":false},"author":1,"featured_media":0,"parent":241,"menu_order":0,"comment_status":"closed","ping_status":"closed","template":"","meta":{"footnotes":""},"class_list":["post-352","page","type-page","status-publish","hentry"],"_links":{"self":[{"href":"https:\/\/lauftreff-tvheli.de\/lauftreff\/wp-json\/wp\/v2\/pages\/352","targetHints":{"allow":["GET"]}}],"collection":[{"href":"https:\/\/lauftreff-tvheli.de\/lauftreff\/wp-json\/wp\/v2\/pages"}],"about":[{"href":"https:\/\/lauftreff-tvheli.de\/lauftreff\/wp-json\/wp\/v2\/types\/page"}],"author":[{"embeddable":true,"href":"https:\/\/lauftreff-tvheli.de\/lauftreff\/wp-json\/wp\/v2\/users\/1"}],"replies":[{"embeddable":true,"href":"https:\/\/lauftreff-tvheli.de\/lauftreff\/wp-json\/wp\/v2\/comments?post=352"}],"version-history":[{"count":3,"href":"https:\/\/lauftreff-tvheli.de\/lauftreff\/wp-json\/wp\/v2\/pages\/352\/revisions"}],"predecessor-version":[{"id":378,"href":"https:\/\/lauftreff-tvheli.de\/lauftreff\/wp-json\/wp\/v2\/pages\/352\/revisions\/378"}],"up":[{"embeddable":true,"href":"https:\/\/lauftreff-tvheli.de\/lauftreff\/wp-json\/wp\/v2\/pages\/241"}],"wp:attachment":[{"href":"https:\/\/lauftreff-tvheli.de\/lauftreff\/wp-json\/wp\/v2\/media?parent=352"}],"curies":[{"name":"wp","href":"https:\/\/api.w.org\/{rel}","templated":true}]}}