{"id":349,"date":"2017-06-10T17:22:29","date_gmt":"2017-06-10T15:22:29","guid":{"rendered":"http:\/\/lauftreff-tvheli.de\/lauftreff\/?page_id=349"},"modified":"2018-07-14T17:40:50","modified_gmt":"2018-07-14T15:40:50","slug":"26-volkslauf-am-10-06-2017","status":"publish","type":"page","link":"https:\/\/lauftreff-tvheli.de\/lauftreff\/laufveranstaltungen-vom-lauftreff\/volkslauf-tv-hessisch-lichtenau\/26-volkslauf-am-10-06-2017\/","title":{"rendered":"26. Volkslauf am 10.06.2017"},"content":{"rendered":"<p>Am Samstag startete der 26. Volkslauf in Hessisch Lichtenau, er ist der 12. Lauf im Rahmen der Nordhessencupserie. 405 Starter fanden den Weg ans Bergstadion in Heli um die anspruchsvollen Strecken unter die F\u00fc\u00dfe zu nehmen. Bei sommerlichen Temperaturen waren die Bedingungen auf den Langstrecken nicht ganz einfach.<\/p>\n<p>Los ging es mit den Bambini \u00fcber 400 Meter, hier war Paul Dedecke vom TSV Heiligenrode mit 1:33 Minuten der Schnellste der 23 gestarteten Kinder.<\/p>\n<figure id=\"attachment_367\" aria-describedby=\"caption-attachment-367\" style=\"width: 492px\" class=\"wp-caption aligncenter\"><img loading=\"lazy\" decoding=\"async\" class=\"wp-image-367 size-full\" src=\"http:\/\/lauftreff-tvheli.de\/lauftreff\/wp-content\/uploads\/2018\/07\/2017.06.10-NHC-Hessisch-Lichtenau-118-e1531582776155.jpg\" alt=\"\" width=\"492\" height=\"267\" srcset=\"https:\/\/lauftreff-tvheli.de\/lauftreff\/wp-content\/uploads\/2018\/07\/2017.06.10-NHC-Hessisch-Lichtenau-118-e1531582776155.jpg 492w, https:\/\/lauftreff-tvheli.de\/lauftreff\/wp-content\/uploads\/2018\/07\/2017.06.10-NHC-Hessisch-Lichtenau-118-e1531582776155-300x163.jpg 300w\" sizes=\"auto, (max-width: 492px) 100vw, 492px\" \/><figcaption id=\"caption-attachment-367\" class=\"wp-caption-text\">Start \u00fcber 1.000 Meter<\/figcaption><\/figure>\n<p>Die Starts der 85 Jugendlichen folgten nach den Bambini und wurden in f\u00fcnf Rennen aufgeteilt. Schnellster war Moritz Kleesiek vom Fechtclub Kassel, er ben\u00f6tigte 3:05 Minuten f\u00fcr die zweieinhalb Stadionrunden. Mit 5 Sekunden Abstand erreichte Elijah vom TV den zweiten Platz. Bei den jungen Damen konnte sich als Schnellste die Lokalmatadorin Vanessa Wyryma vom TV Hessisch Lichtenau in einem tollen Spurt die schnellste Zeit in 3:19 Minuten sichern.<\/p>\n<p>Mit 155 Startern war die 5 Kilometer Wendestrecke das am st\u00e4rksten besetzte Feld. Hier konnte sich in einem fabelhaften Endspurt Max Fuchs von der LG Reinhardswald die schnellste Zeit bei den Herren sichern, er ben\u00f6tigte 16:50 Minuten. Luise Zieba ben\u00f6tigte als erste Frau 20:22 Minuten, sie startet f\u00fcr den LC Marathon Rotenburg.<\/p>\n<p>Auf die 10 Kilometer Strecke in Richtung Hirschhagen gingen genau 100 Aktive. Hier machte der LG Vellmar das Rennen unter sich aus, Steffen Meinecke ben\u00f6tigte 36:50 Minuten und hatte zum Schluss eine Sekunde Vorsprung vor seinem Vereinskollegen Florian Engel. Weit gereist kam Martin Matt, er war zu Besuch aus Kanada und startete spontan f\u00fcr Heli. Vom PSV konnte Astrid Bardenhauer die Damenkonkurrenz in 47:29 Minuten vor Anja Huth vom LC Marathon Rotenburg gewinnen.<\/p>\n<p>Wie bei den letzten Veranstaltungen schon beobachtet war das Starterfeld \u00fcber die Langdistanz auch in Hessisch Lichtenau mit 42 Startern d\u00fcnn besetzt. Frank Wenzel aus Kassel gewann mit deutlichem Vorsprung das Rennen in 1:17:40 Stunden vor Martin Herbold vom TuSPO 1896 Borken. Von der LG Kaufungen setzet sich in 1:43:22 Stunden Johanna Alpermann bei den Damen durch, ihr folgte Anja Heidenbluth vom KSV Baunatal in 1:45:35. Die Langstreckler hatten trotz guter Wasserversorgung an der Strecke am meisten mit den Temperaturen zu k\u00e4mpfen.<\/p>\n<p><img loading=\"lazy\" decoding=\"async\" class=\"aligncenter size-full wp-image-368\" src=\"http:\/\/lauftreff-tvheli.de\/lauftreff\/wp-content\/uploads\/2018\/07\/2017.06.10-NHC-Hessisch-Lichtenau-135.jpg\" alt=\"\" width=\"640\" height=\"425\" srcset=\"https:\/\/lauftreff-tvheli.de\/lauftreff\/wp-content\/uploads\/2018\/07\/2017.06.10-NHC-Hessisch-Lichtenau-135.jpg 640w, https:\/\/lauftreff-tvheli.de\/lauftreff\/wp-content\/uploads\/2018\/07\/2017.06.10-NHC-Hessisch-Lichtenau-135-300x199.jpg 300w\" sizes=\"auto, (max-width: 640px) 100vw, 640px\" \/><\/p>\n<p>In Eigener Sache:<\/p>\n<p>Wir danken allen Helfern, die uns im Stadion, in der Halle und an der Strecke unterst\u00fctzt haben.<\/p>\n<table width=\"527\">\n<tbody>\n<tr>\n<td width=\"103\"><strong>400 m<\/strong><\/td>\n<td width=\"47\">5.<\/td>\n<td width=\"230\">Amandine Euler<\/td>\n<td width=\"83\">1:49<\/td>\n<td width=\"64\">WU 8<\/td>\n<\/tr>\n<tr>\n<td><\/td>\n<td>6.<\/td>\n<td>Emily Schwarz<\/td>\n<td width=\"83\">1:49<\/td>\n<td>WU 8<\/td>\n<\/tr>\n<tr>\n<td><\/td>\n<td>11.<\/td>\n<td>Mia Wunderlich<\/td>\n<td width=\"83\">2:15<\/td>\n<td>WU 8<\/td>\n<\/tr>\n<tr>\n<td><\/td>\n<td>4.<\/td>\n<td>Max Wiegand<\/td>\n<td width=\"83\">1:58<\/td>\n<td>MU 8<\/td>\n<\/tr>\n<tr>\n<td><\/td>\n<td><\/td>\n<td><\/td>\n<td width=\"83\"><\/td>\n<td><\/td>\n<\/tr>\n<tr>\n<td><strong>1.000 m<\/strong><\/td>\n<td>1.<\/td>\n<td>Vanessa Wyryma<\/td>\n<td width=\"83\">3:19<\/td>\n<td>WU 16<\/td>\n<\/tr>\n<tr>\n<td><\/td>\n<td>5.<\/td>\n<td>Milena Klockmann<\/td>\n<td width=\"83\">4:16<\/td>\n<td>WU 14<\/td>\n<\/tr>\n<tr>\n<td><\/td>\n<td>2.<\/td>\n<td>Naima Muth<\/td>\n<td width=\"83\">3:30<\/td>\n<td>WU12<\/td>\n<\/tr>\n<tr>\n<td><\/td>\n<td>4.<\/td>\n<td>Nina Herget<\/td>\n<td width=\"83\">3:54<\/td>\n<td>WU12<\/td>\n<\/tr>\n<tr>\n<td><\/td>\n<td>8.<\/td>\n<td>Emilia Gippert<\/td>\n<td width=\"83\">4:08<\/td>\n<td>WU12<\/td>\n<\/tr>\n<tr>\n<td><\/td>\n<td>22.<\/td>\n<td>Leonie Rodekurth<\/td>\n<td width=\"83\">6:51<\/td>\n<td>WU12<\/td>\n<\/tr>\n<tr>\n<td><\/td>\n<td>5.<\/td>\n<td>Katja Kraus<\/td>\n<td width=\"83\">4:33<\/td>\n<td>WU 10<\/td>\n<\/tr>\n<tr>\n<td><\/td>\n<td>7.<\/td>\n<td>Emily Wunderlich<\/td>\n<td width=\"83\">4:40<\/td>\n<td>WU 10<\/td>\n<\/tr>\n<tr>\n<td><\/td>\n<td>11.<\/td>\n<td>Franziska Schenk<\/td>\n<td width=\"83\">4:59<\/td>\n<td>WU 10<\/td>\n<\/tr>\n<tr>\n<td><\/td>\n<td>2.<\/td>\n<td>Elijah Muth<\/td>\n<td width=\"83\">3:10<\/td>\n<td>MU 14<\/td>\n<\/tr>\n<tr>\n<td><\/td>\n<td>7.<\/td>\n<td>Florian Schnellhammer<\/td>\n<td width=\"83\">3:54<\/td>\n<td>MU 14<\/td>\n<\/tr>\n<tr>\n<td><\/td>\n<td>1.<\/td>\n<td>Tamino Brumm<\/td>\n<td width=\"83\">3:39<\/td>\n<td>MU 12<\/td>\n<\/tr>\n<tr>\n<td><\/td>\n<td>2.<\/td>\n<td>Devlin Forciniti<\/td>\n<td width=\"83\">3:44<\/td>\n<td>MU 12<\/td>\n<\/tr>\n<tr>\n<td><\/td>\n<td>5.<\/td>\n<td>Benni S\u00f6rgel<\/td>\n<td width=\"83\">3:50<\/td>\n<td>MU 12<\/td>\n<\/tr>\n<tr>\n<td><\/td>\n<td>9.<\/td>\n<td>Laurenz Maron<\/td>\n<td width=\"83\">3:55<\/td>\n<td>MU 12<\/td>\n<\/tr>\n<tr>\n<td><\/td>\n<td>14.<\/td>\n<td>Phil Krieglstein<\/td>\n<td width=\"83\">4:19<\/td>\n<td>MU 12<\/td>\n<\/tr>\n<tr>\n<td><\/td>\n<td>1.<\/td>\n<td>Finn Gippert<\/td>\n<td width=\"83\">3:42<\/td>\n<td>MU 10<\/td>\n<\/tr>\n<tr>\n<td><\/td>\n<td>2.<\/td>\n<td>Moritz Klockmann<\/td>\n<td width=\"83\">3:59<\/td>\n<td>MU 10<\/td>\n<\/tr>\n<tr>\n<td><\/td>\n<td>6.<\/td>\n<td>Nico Wiegand<\/td>\n<td width=\"83\">4:08<\/td>\n<td>MU 10<\/td>\n<\/tr>\n<tr>\n<td><\/td>\n<td>7.<\/td>\n<td>Valentin Brumm<\/td>\n<td width=\"83\">4:11<\/td>\n<td>MU 10<\/td>\n<\/tr>\n<tr>\n<td><\/td>\n<td>11.<\/td>\n<td>Marco Schwarz<\/td>\n<td width=\"83\">4:38<\/td>\n<td>MU 10<\/td>\n<\/tr>\n<tr>\n<td><\/td>\n<td>1.<\/td>\n<td>Neo S\u00f6rgel<\/td>\n<td width=\"83\">4:09<\/td>\n<td>MU 8<\/td>\n<\/tr>\n<tr>\n<td><\/td>\n<td><\/td>\n<td><\/td>\n<td width=\"83\"><\/td>\n<td><\/td>\n<\/tr>\n<tr>\n<td><strong>5.000 m<\/strong><\/td>\n<td>6.<\/td>\n<td>Luca Koltzau<\/td>\n<td width=\"83\">21:11<\/td>\n<td>M 20<\/td>\n<\/tr>\n<tr>\n<td><\/td>\n<td>7.<\/td>\n<td>Waldemar Schwarz<\/td>\n<td width=\"83\">26:57<\/td>\n<td>M 30<\/td>\n<\/tr>\n<tr>\n<td><\/td>\n<td>5.<\/td>\n<td>Jan Nordmeier<\/td>\n<td width=\"83\">25:45<\/td>\n<td>MU 20<\/td>\n<\/tr>\n<tr>\n<td><\/td>\n<td>1.<\/td>\n<td>Louis Hartwig<\/td>\n<td width=\"83\">18:38<\/td>\n<td>MU 18<\/td>\n<\/tr>\n<tr>\n<td><\/td>\n<td>2.<\/td>\n<td>Friedrich Seelig<\/td>\n<td width=\"83\">20:17<\/td>\n<td>MU 18<\/td>\n<\/tr>\n<tr>\n<td><\/td>\n<td>10.<\/td>\n<td>Annette Rodekurth<\/td>\n<td width=\"83\">32:52<\/td>\n<td>W 40<\/td>\n<\/tr>\n<tr>\n<td><\/td>\n<td>15.<\/td>\n<td>Martina Frantz<\/td>\n<td width=\"83\">35:45<\/td>\n<td>W 50<\/td>\n<\/tr>\n<tr>\n<td><\/td>\n<td><\/td>\n<td><\/td>\n<td width=\"83\"><\/td>\n<td><\/td>\n<\/tr>\n<tr>\n<td><strong>10.00 m<\/strong><\/td>\n<td>3.<\/td>\n<td>Barbara Troll<\/td>\n<td width=\"83\">58:35<\/td>\n<td>W 40<\/td>\n<\/tr>\n<tr>\n<td><\/td>\n<td>1.<\/td>\n<td>Sophie R\u00fchling<\/td>\n<td width=\"83\">51:57<\/td>\n<td>WU 18<\/td>\n<\/tr>\n<tr>\n<td><\/td>\n<td>2.<\/td>\n<td>Tabea Rehbein<\/td>\n<td width=\"83\">55:27<\/td>\n<td>WU 18<\/td>\n<\/tr>\n<tr>\n<td><\/td>\n<td>3.<\/td>\n<td>Martin Matt<\/td>\n<td width=\"83\">38:43<\/td>\n<td>M 30<\/td>\n<\/tr>\n<tr>\n<td><\/td>\n<td>19.<\/td>\n<td>Volker Troll<\/td>\n<td width=\"83\">1:05:01<\/td>\n<td>M 40<\/td>\n<\/tr>\n<tr>\n<td><\/td>\n<td>14.<\/td>\n<td>Franz Bosch<\/td>\n<td width=\"83\">52:55<\/td>\n<td>M 50<\/td>\n<\/tr>\n<tr>\n<td><\/td>\n<td><\/td>\n<td><\/td>\n<td width=\"83\"><\/td>\n<td><\/td>\n<\/tr>\n<tr>\n<td><strong>19.800 m<\/strong><\/td>\n<td>8.<\/td>\n<td>Dirk Sch\u00e4cher<\/td>\n<td width=\"83\">1:41:41<\/td>\n<td>M 40<\/td>\n<\/tr>\n<tr>\n<td><\/td>\n<td>11.<\/td>\n<td>Alfred Jilg<\/td>\n<td width=\"83\">1:43:54<\/td>\n<td>M 50<\/td>\n<\/tr>\n<tr>\n<td><\/td>\n<td>15.<\/td>\n<td>Jan Poppenh\u00e4ger<\/td>\n<td width=\"83\">1:51:28<\/td>\n<td>M 50<\/td>\n<\/tr>\n<\/tbody>\n<\/table>\n<p><a href=\"http:\/\/lauftreff-tvheli.de\/lauftreff\/wp-content\/uploads\/2018\/07\/ErgebnislistenErgebnislisteAKAlle.pdf\">ErgebnislistenErgebnislisteAKAlle<\/a><\/p>\n","protected":false},"excerpt":{"rendered":"<p>Am Samstag startete der 26. Volkslauf in Hessisch Lichtenau, er ist der 12. Lauf im Rahmen der Nordhessencupserie. 405 Starter fanden den Weg ans Bergstadion in Heli um die anspruchsvollen Strecken unter die F\u00fc\u00dfe zu nehmen. Bei sommerlichen Temperaturen waren die Bedingungen auf den Langstrecken nicht ganz einfach. Los ging es mit den Bambini \u00fcber &#8230;<\/p>\n","protected":false},"author":1,"featured_media":0,"parent":241,"menu_order":0,"comment_status":"closed","ping_status":"closed","template":"","meta":{"footnotes":""},"class_list":["post-349","page","type-page","status-publish","hentry"],"_links":{"self":[{"href":"https:\/\/lauftreff-tvheli.de\/lauftreff\/wp-json\/wp\/v2\/pages\/349","targetHints":{"allow":["GET"]}}],"collection":[{"href":"https:\/\/lauftreff-tvheli.de\/lauftreff\/wp-json\/wp\/v2\/pages"}],"about":[{"href":"https:\/\/lauftreff-tvheli.de\/lauftreff\/wp-json\/wp\/v2\/types\/page"}],"author":[{"embeddable":true,"href":"https:\/\/lauftreff-tvheli.de\/lauftreff\/wp-json\/wp\/v2\/users\/1"}],"replies":[{"embeddable":true,"href":"https:\/\/lauftreff-tvheli.de\/lauftreff\/wp-json\/wp\/v2\/comments?post=349"}],"version-history":[{"count":3,"href":"https:\/\/lauftreff-tvheli.de\/lauftreff\/wp-json\/wp\/v2\/pages\/349\/revisions"}],"predecessor-version":[{"id":370,"href":"https:\/\/lauftreff-tvheli.de\/lauftreff\/wp-json\/wp\/v2\/pages\/349\/revisions\/370"}],"up":[{"embeddable":true,"href":"https:\/\/lauftreff-tvheli.de\/lauftreff\/wp-json\/wp\/v2\/pages\/241"}],"wp:attachment":[{"href":"https:\/\/lauftreff-tvheli.de\/lauftreff\/wp-json\/wp\/v2\/media?parent=349"}],"curies":[{"name":"wp","href":"https:\/\/api.w.org\/{rel}","templated":true}]}}