{"id":283,"date":"2018-07-12T10:20:50","date_gmt":"2018-07-12T08:20:50","guid":{"rendered":"http:\/\/lauftreff-tvheli.de\/lauftreff\/?page_id=283"},"modified":"2026-01-25T11:30:11","modified_gmt":"2026-01-25T10:30:11","slug":"sparkassenlauf","status":"publish","type":"page","link":"https:\/\/lauftreff-tvheli.de\/lauftreff\/laufveranstaltungen-vom-lauftreff\/sparkassenlauf\/","title":{"rendered":"Sparkassenlauf"},"content":{"rendered":"<p>Der Sparkassenlauf wird in Hessisch Lichtenau seit 2008 durchgef\u00fchrt. Er wird gemeinsam von der Sparkasse Werra Mei\u00dfner, dem Lauftreff, einer Sparte des TV 1894 Hessisch Lichtenau und weiteren Sponsoren durchgef\u00fchrt. Es werden Strecken f\u00fcr Bambinis, Jugendliche, Erwachsene und Staffeln angeboten. \u00a0Seit 2015 sind die Handbiker mit dabei und seit 2017 auch die Walker. Die Laufstrecke geht durch die komplette Innenstadt und muss je nach Streckenl\u00e4nge mehrfach durchlaufen werden.<\/p>\n<p>Im Vordergrund der Veranstaltung stehen nicht die gelaufenen Zeiten, sondern eher der Spa\u00df am Laufen. Es gibt nur eine einfache Klasseneinteilung und es starten auch immer wieder verkleidete L\u00e4ufer.<\/p>\n<p>Strecken:<\/p>\n<p>Bambini<\/p>\n<p><a href=\"http:\/\/lauftreff-tvheli.de\/lauftreff\/laufveranstaltungen\/sparkassenlauf\/2019-sparkassenlaufhessischlichtenaukinder\/\" rel=\"attachment wp-att-1769\">2019 SparkassenlaufHessischLichtenauKinder<\/a><\/p>\n<p>Handbiker<\/p>\n<p><a href=\"http:\/\/lauftreff-tvheli.de\/lauftreff\/laufveranstaltungen\/sparkassenlauf\/2019-sparkassenlaufhessischlichtenauhb\/\" rel=\"attachment wp-att-1768\">2019 SparkassenlaufHessischLichtenauHb<\/a><\/p>\n<p>Runde 2,5 Kilometer<\/p>\n<p><a href=\"http:\/\/lauftreff-tvheli.de\/lauftreff\/laufveranstaltungen\/sparkassenlauf\/2019-sparkassenlaufhessischlichtenau25\/\" rel=\"attachment wp-att-1767\">2019 SparkassenlaufHessischLichtenau2,5<\/a><\/p>\n<p><strong>Achtung: Strecken k\u00f6nnen von den hier hochgeladenen abweichen<\/strong>!<\/p>\n","protected":false},"excerpt":{"rendered":"<p>Der Sparkassenlauf wird in Hessisch Lichtenau seit 2008 durchgef\u00fchrt. Er wird gemeinsam von der Sparkasse Werra Mei\u00dfner, dem Lauftreff, einer Sparte des TV 1894 Hessisch Lichtenau und weiteren Sponsoren durchgef\u00fchrt. Es werden Strecken f\u00fcr Bambinis, Jugendliche, Erwachsene und Staffeln angeboten. \u00a0Seit 2015 sind die Handbiker mit dabei und seit 2017 auch die Walker. Die Laufstrecke &#8230;<\/p>\n","protected":false},"author":1,"featured_media":0,"parent":2420,"menu_order":0,"comment_status":"closed","ping_status":"closed","template":"","meta":{"footnotes":""},"class_list":["post-283","page","type-page","status-publish","hentry"],"_links":{"self":[{"href":"https:\/\/lauftreff-tvheli.de\/lauftreff\/wp-json\/wp\/v2\/pages\/283","targetHints":{"allow":["GET"]}}],"collection":[{"href":"https:\/\/lauftreff-tvheli.de\/lauftreff\/wp-json\/wp\/v2\/pages"}],"about":[{"href":"https:\/\/lauftreff-tvheli.de\/lauftreff\/wp-json\/wp\/v2\/types\/page"}],"author":[{"embeddable":true,"href":"https:\/\/lauftreff-tvheli.de\/lauftreff\/wp-json\/wp\/v2\/users\/1"}],"replies":[{"embeddable":true,"href":"https:\/\/lauftreff-tvheli.de\/lauftreff\/wp-json\/wp\/v2\/comments?post=283"}],"version-history":[{"count":8,"href":"https:\/\/lauftreff-tvheli.de\/lauftreff\/wp-json\/wp\/v2\/pages\/283\/revisions"}],"predecessor-version":[{"id":2670,"href":"https:\/\/lauftreff-tvheli.de\/lauftreff\/wp-json\/wp\/v2\/pages\/283\/revisions\/2670"}],"up":[{"embeddable":true,"href":"https:\/\/lauftreff-tvheli.de\/lauftreff\/wp-json\/wp\/v2\/pages\/2420"}],"wp:attachment":[{"href":"https:\/\/lauftreff-tvheli.de\/lauftreff\/wp-json\/wp\/v2\/media?parent=283"}],"curies":[{"name":"wp","href":"https:\/\/api.w.org\/{rel}","templated":true}]}}