{"id":2313,"date":"2023-05-15T20:07:51","date_gmt":"2023-05-15T18:07:51","guid":{"rendered":"https:\/\/lauftreff-tvheli.de\/lauftreff\/?page_id=2313"},"modified":"2026-01-25T11:25:50","modified_gmt":"2026-01-25T10:25:50","slug":"13-sparkassenlauf-am-04-06-2023","status":"publish","type":"page","link":"https:\/\/lauftreff-tvheli.de\/lauftreff\/laufveranstaltungen-vom-lauftreff\/sparkassenlauf\/13-sparkassenlauf-am-04-06-2023\/","title":{"rendered":"13. Sparkassenlauf am 04.06.2023"},"content":{"rendered":"\n<figure class=\"wp-block-image size-large\"><img loading=\"lazy\" decoding=\"async\" width=\"1024\" height=\"646\" src=\"http:\/\/lauftreff-tvheli.de\/lauftreff\/wp-content\/uploads\/2023\/06\/2023.06.04-Sparkassenlauf-HP-1024x646.jpg\" alt=\"\" class=\"wp-image-2339\" srcset=\"https:\/\/lauftreff-tvheli.de\/lauftreff\/wp-content\/uploads\/2023\/06\/2023.06.04-Sparkassenlauf-HP-1024x646.jpg 1024w, https:\/\/lauftreff-tvheli.de\/lauftreff\/wp-content\/uploads\/2023\/06\/2023.06.04-Sparkassenlauf-HP-300x189.jpg 300w, https:\/\/lauftreff-tvheli.de\/lauftreff\/wp-content\/uploads\/2023\/06\/2023.06.04-Sparkassenlauf-HP-768x485.jpg 768w, https:\/\/lauftreff-tvheli.de\/lauftreff\/wp-content\/uploads\/2023\/06\/2023.06.04-Sparkassenlauf-HP-1536x969.jpg 1536w, https:\/\/lauftreff-tvheli.de\/lauftreff\/wp-content\/uploads\/2023\/06\/2023.06.04-Sparkassenlauf-HP-2048x1292.jpg 2048w\" sizes=\"auto, (max-width: 1024px) 100vw, 1024px\" \/><\/figure>\n\n\n\n<p>Am Sonntag startete der 13. Sparkassenlauf in Hessisch Lichtenau. Das Wetter versprach sonnig und warm zu werden. Gegen sp\u00e4ten Vormittag fanden sich 296 L\u00e4ufer vor der Sparkasse ein, um die Distanzen von 600 Metern bis 7,5 Kilometern, durch die sch\u00f6ne Altstadt in Hessisch Lichtenau, unter die F\u00fc\u00dfe zu nehmen. Das Teilnehmerfeld war erfreulich gro\u00df, nicht zuletzt, weil die Schulen und Kinderg\u00e4rten aus der Kernstadt und aus F\u00fcrstenhagen starke Starterfelder gemeldet hatten.<\/p>\n\n\n\n<p>Los ging es mit den Bambinis \u00fcber 600 Meter, wegen vielen kleinen Startern (76) wurde kurzfristig das Feld in M\u00e4dchen und Jungen aufgeteilt. Schnellstes M\u00e4dchen war Edda Sch\u00f6ffel von der Schule am Fischbach. Bei den Jungen konnte sich Adrian Munsch von der HSG Hessisch Lichtenau durchsetzen und gewinnen.<\/p>\n\n\n\n<p>Ebenfalls ein gro\u00dfes Starterfeld von 111 Jugendlichen ging auf die 2,5 Kilometer lange Runde durch die Altstadt, am Frau Holleteich vorbei zur\u00fcck zum Ziel an der Sparkasse. Schnellster war Moritz Klockmann vom TV Hessisch Lichtenau, er ben\u00f6tigte 9:44 Minuten. Ebenfalls vom TV kam die schnellste junge Dame, Madita Menzel ben\u00f6tigte 9:54 Minuten und blieb somit auch noch unter der magischen 10 Minutengrenze.<\/p>\n\n\n\n<p>Das Feld der Handbiker war mit sieben Startern das kleinste, aber auch das schnellste, Martin Kaiser vom Lichtenau e.V. absolvierte die drei Runden am schnellsten.<\/p>\n\n\n\n<p>Die drei Runden vom Hauptlauf absolvierten 34 Einzell\u00e4ufer und 22 Staffeln, dies waren zusammen 100 L\u00e4ufer. Anne-Carin Maron von der ev. Kita Lossewichtel konnte die Wertung der Frauen in 35:46 Minuten gewinnen. Vom TSV Retterode kam der schnellste Einzelstarter an diesem Tag, Anton Guthardt ben\u00f6tigte nur 25:23 Minuten f\u00fcr die 7,5 Kilometer. Schnellste Staffel war Physiotherapieschule Hessisch Lichtenau mit Lukas Moll, Joscha G\u00f6bel und Timo Putz, sie ben\u00f6tigten 30:16 Minuten. Der Lauftreff TV 1894 Hessisch Lichtenau bedankt sich bei allen L\u00e4ufern f\u00fcr die Teilnahme. Auch den Helfern rund um die Veranstaltung, der Polizei, der Feuerwehr und dem Deutschen Roten Kreuz ein dickes Danke.<\/p>\n\n\n\n<p>Bilder: <a rel=\"noreferrer noopener\" href=\"https:\/\/photos.app.goo.gl\/9U6PTRepADfrDdNA8\" target=\"_blank\">https:\/\/photos.app.goo.gl\/9U6PTRepADfrDdNA8<\/a><\/p>\n\n\n\n<p>Bilder: <a href=\"https:\/\/photos.app.goo.gl\/Xnej7opdh8z8xk7M8\" target=\"_blank\" rel=\"noreferrer noopener\">https:\/\/photos.app.goo.gl\/Xnej7opdh8z8xk7M8<\/a><\/p>\n\n\n\n<p>Ergebnisse: <a href=\"https:\/\/my.raceresult.com\/245182\/\" target=\"_blank\" rel=\"noreferrer noopener\">https:\/\/my.raceresult.com\/245182\/<\/a><\/p>\n\n\n\n<figure class=\"wp-block-table\"><table><tbody><tr><td><strong>600 m<\/strong><\/td><td>9.<\/td><td>Dalia Waletzki<\/td><td>Bambini<\/td><td><\/td><\/tr><tr><td><\/td><td>21.<\/td><td>Isabella Ebrecht<\/td><td>Bambini<\/td><td><\/td><\/tr><tr><td><\/td><td>5.<\/td><td>Roman Schlecht<\/td><td>Bambini<\/td><td><\/td><\/tr><tr><td><\/td><td>23.<\/td><td>Arthur Fedkow<\/td><td>Bambini<\/td><td><\/td><\/tr><tr><td><\/td><td>36.<\/td><td>Johann Weber<\/td><td>Bambini<\/td><td><\/td><\/tr><tr><td><\/td><td><\/td><td><\/td><td><\/td><td><\/td><\/tr><tr><td><strong>2.500 m<\/strong><\/td><td>3.<\/td><td>Evelyn Ochs<\/td><td>12:29<\/td><td>WU10<\/td><\/tr><tr><td><\/td><td>6.<\/td><td>Leonie Hofmann<\/td><td>13:07<\/td><td>WU10<\/td><\/tr><tr><td><\/td><td>10.<\/td><td>Sophie Zucker<\/td><td>14:46<\/td><td>WU10<\/td><\/tr><tr><td><\/td><td>1.<\/td><td>Emilia Oliveira Coelho<\/td><td>11:21<\/td><td>WU12<\/td><\/tr><tr><td><\/td><td>6.<\/td><td>Paula M\u00fcller<\/td><td>14:03<\/td><td>WU12<\/td><\/tr><tr><td><\/td><td>1.<\/td><td>Madita Menzel<\/td><td>09:54<\/td><td>WU14<\/td><\/tr><tr><td><\/td><td>2.<\/td><td>Emily Schwarz<\/td><td>11:43<\/td><td>WU14<\/td><\/tr><tr><td><\/td><td>2.<\/td><td>Larissa M\u00fcller<\/td><td>11:42<\/td><td>WU16<\/td><\/tr><tr><td><\/td><td>3.<\/td><td>Oliver Weber<\/td><td>12:01<\/td><td>MU10<\/td><\/tr><tr><td><\/td><td>14.<\/td><td>Lenny Trippler<\/td><td>14:42<\/td><td>MU10<\/td><\/tr><tr><td><\/td><td>27.<\/td><td>Fabian Weber<\/td><td>14:06<\/td><td>MU12<\/td><\/tr><tr><td><\/td><td>28.<\/td><td>Jonas Hayen<\/td><td>14:39<\/td><td>MU12<\/td><\/tr><tr><td><\/td><td>2.<\/td><td>Hannes Neugeboren<\/td><td>09:58<\/td><td>MU14<\/td><\/tr><tr><td><\/td><td>11.<\/td><td>Julius Dippel<\/td><td>12:57<\/td><td>MU14<\/td><\/tr><tr><td><\/td><td>12.<\/td><td>Lucas Hofmann<\/td><td>13:04<\/td><td>MU14<\/td><\/tr><tr><td><\/td><td>1.<\/td><td>Moritz Klockmann<\/td><td>09:44<\/td><td>MU16<\/td><\/tr><tr><td><\/td><td>3.<\/td><td>Elias Kellner<\/td><td>14:24<\/td><td>MU16<\/td><\/tr><tr><td><\/td><td><\/td><td><\/td><td><\/td><td><\/td><\/tr><tr><td><strong>7.500 m<\/strong><\/td><td>3.<\/td><td>Liesel Sch\u00f6ffel-Seggewi\u00df<\/td><td>43:18<\/td><td>W<\/td><\/tr><\/tbody><\/table><\/figure>\n","protected":false},"excerpt":{"rendered":"<p>Am Sonntag startete der 13. Sparkassenlauf in Hessisch Lichtenau. Das Wetter versprach sonnig und warm zu werden. Gegen sp\u00e4ten Vormittag fanden sich 296 L\u00e4ufer vor der Sparkasse ein, um die Distanzen von 600 Metern bis 7,5 Kilometern, durch die sch\u00f6ne Altstadt in Hessisch Lichtenau, unter die F\u00fc\u00dfe zu nehmen. Das Teilnehmerfeld war erfreulich gro\u00df, nicht &#8230;<\/p>\n","protected":false},"author":1,"featured_media":0,"parent":283,"menu_order":0,"comment_status":"closed","ping_status":"closed","template":"","meta":{"footnotes":""},"class_list":["post-2313","page","type-page","status-publish","hentry"],"_links":{"self":[{"href":"https:\/\/lauftreff-tvheli.de\/lauftreff\/wp-json\/wp\/v2\/pages\/2313","targetHints":{"allow":["GET"]}}],"collection":[{"href":"https:\/\/lauftreff-tvheli.de\/lauftreff\/wp-json\/wp\/v2\/pages"}],"about":[{"href":"https:\/\/lauftreff-tvheli.de\/lauftreff\/wp-json\/wp\/v2\/types\/page"}],"author":[{"embeddable":true,"href":"https:\/\/lauftreff-tvheli.de\/lauftreff\/wp-json\/wp\/v2\/users\/1"}],"replies":[{"embeddable":true,"href":"https:\/\/lauftreff-tvheli.de\/lauftreff\/wp-json\/wp\/v2\/comments?post=2313"}],"version-history":[{"count":4,"href":"https:\/\/lauftreff-tvheli.de\/lauftreff\/wp-json\/wp\/v2\/pages\/2313\/revisions"}],"predecessor-version":[{"id":2346,"href":"https:\/\/lauftreff-tvheli.de\/lauftreff\/wp-json\/wp\/v2\/pages\/2313\/revisions\/2346"}],"up":[{"embeddable":true,"href":"https:\/\/lauftreff-tvheli.de\/lauftreff\/wp-json\/wp\/v2\/pages\/283"}],"wp:attachment":[{"href":"https:\/\/lauftreff-tvheli.de\/lauftreff\/wp-json\/wp\/v2\/media?parent=2313"}],"curies":[{"name":"wp","href":"https:\/\/api.w.org\/{rel}","templated":true}]}}